{"id":3353,"date":"2025-04-17T20:08:33","date_gmt":"2025-04-17T20:08:33","guid":{"rendered":"https:\/\/new.extraplast.com.br\/?page_id=3353"},"modified":"2026-01-30T01:43:16","modified_gmt":"2026-01-30T01:43:16","slug":"orcamento","status":"publish","type":"page","link":"https:\/\/extraplast.com.br\/en\/orcamento\/","title":{"rendered":"Or\u00e7amento"},"content":{"rendered":"<div data-elementor-type=\"wp-page\" data-elementor-id=\"3353\" class=\"elementor elementor-3353\" data-elementor-post-type=\"page\">\n\t\t\t\t<div class=\"elementor-element elementor-element-f8c56c8 e-flex e-con-boxed e-con e-parent\" data-id=\"f8c56c8\" data-element_type=\"container\">\n\t\t\t\t\t<div class=\"e-con-inner\">\n\t\t<div class=\"elementor-element elementor-element-eecee7b e-con-full e-flex e-con e-child\" data-id=\"eecee7b\" data-element_type=\"container\">\n\t\t\t\t<div class=\"elementor-element elementor-element-831b3af elementor-widget elementor-widget-heading\" data-id=\"831b3af\" data-element_type=\"widget\" data-widget_type=\"heading.default\">\n\t\t\t\t<div class=\"elementor-widget-container\">\n\t\t\t\t\t<h1 class=\"elementor-heading-title elementor-size-default\">Request your quote<\/h1>\t\t\t\t<\/div>\n\t\t\t\t<\/div>\n\t\t\t\t<div class=\"elementor-element elementor-element-6de2c60 elementor-widget__width-initial elementor-widget elementor-widget-text-editor\" data-id=\"6de2c60\" data-element_type=\"widget\" data-widget_type=\"text-editor.default\">\n\t\t\t\t<div class=\"elementor-widget-container\">\n\t\t\t\t\t\t\t\t\t<p>Just fill out the form, and we will contact you as soon as possible.<\/p>\t\t\t\t\t\t\t\t<\/div>\n\t\t\t\t<\/div>\n\t\t\t\t<\/div>\n\t\t<div class=\"elementor-element elementor-element-3d88bc5 e-con-full e-flex e-con e-child\" data-id=\"3d88bc5\" data-element_type=\"container\">\n\t\t\t\t<div class=\"elementor-element elementor-element-0527939 elementor-widget elementor-widget-html\" data-id=\"0527939\" data-element_type=\"widget\" data-widget_type=\"html.default\">\n\t\t\t\t<div class=\"elementor-widget-container\">\n\t\t\t\t\t<script>\n  document.addEventListener(\"DOMContentLoaded\", function () {\n    const params = new URLSearchParams(window.location.search);\n    const origem = params.get(\"pg-origem\");\n    const campo = document.getElementById(\"form-field-pg_origem\");\n\n    if (origem && campo) {\n      campo.value = origem;\n\n      \/\/ For\u00e7a o Elementor a perceber a mudan\u00e7a\n      const event = new Event('input', { bubbles: true });\n      campo.dispatchEvent(event);\n\n      console.log(\"\u2705 Campo 'pg_origem' preenchido e atualizado.\");\n    }\n  });\n<\/script>\n\t\t\t\t<\/div>\n\t\t\t\t<\/div>\n\t\t\t\t<div class=\"elementor-element elementor-element-137f555 elementor-button-align-stretch elementor-widget elementor-widget-form\" data-id=\"137f555\" data-element_type=\"widget\" data-settings=\"{&quot;step_next_label&quot;:&quot;Next&quot;,&quot;step_previous_label&quot;:&quot;Previous&quot;,&quot;button_width&quot;:&quot;100&quot;,&quot;step_type&quot;:&quot;number_text&quot;,&quot;step_icon_shape&quot;:&quot;circle&quot;}\" data-widget_type=\"form.default\">\n\t\t\t\t<div class=\"elementor-widget-container\">\n\t\t\t\t\t\t\t<form class=\"elementor-form\" method=\"post\" name=\"Or\u00e7amento\" aria-label=\"Or\u00e7amento\" action=\"\">\n\t\t\t<input type=\"hidden\" name=\"post_id\" value=\"3353\"\/>\n\t\t\t<input type=\"hidden\" name=\"form_id\" value=\"137f555\"\/>\n\t\t\t<input type=\"hidden\" name=\"referer_title\" value=\"Extraplast\" \/>\n\n\t\t\t\n\t\t\t<div class=\"elementor-form-fields-wrapper elementor-labels-\">\n\t\t\t\t\t\t\t\t<div class=\"elementor-field-type-text elementor-field-group elementor-column elementor-field-group-nome elementor-col-100 elementor-field-required\">\n\t\t\t\t\t\t\t\t\t\t\t\t<label for=\"form-field-nome\" class=\"elementor-field-label elementor-screen-only\">\n\t\t\t\t\t\t\t\tName\t\t\t\t\t\t\t<\/label>\n\t\t\t\t\t\t\t\t\t\t\t\t\t\t<input size=\"1\" type=\"text\" name=\"form_fields[nome]\" id=\"form-field-nome\" class=\"elementor-field elementor-size-lg  elementor-field-textual\" placeholder=\"Name\" required=\"required\">\n\t\t\t\t\t\t\t\t\t\t\t<\/div>\n\t\t\t\t\t\t\t\t<div class=\"elementor-field-type-email elementor-field-group elementor-column elementor-field-group-email elementor-col-100 elementor-field-required\">\n\t\t\t\t\t\t\t\t\t\t\t\t<label for=\"form-field-email\" class=\"elementor-field-label elementor-screen-only\">\n\t\t\t\t\t\t\t\tEmail\t\t\t\t\t\t\t<\/label>\n\t\t\t\t\t\t\t\t\t\t\t\t\t\t<input size=\"1\" type=\"email\" name=\"form_fields[email]\" id=\"form-field-email\" class=\"elementor-field elementor-size-lg  elementor-field-textual\" placeholder=\"E-mail *\" required=\"required\">\n\t\t\t\t\t\t\t\t\t\t\t<\/div>\n\t\t\t\t\t\t\t\t<div class=\"elementor-field-type-tel elementor-field-group elementor-column elementor-field-group-telefone elementor-col-100 elementor-field-required\">\n\t\t\t\t\t\t\t\t\t\t\t\t<label for=\"form-field-telefone\" class=\"elementor-field-label elementor-screen-only\">\n\t\t\t\t\t\t\t\tTelefone\t\t\t\t\t\t\t<\/label>\n\t\t\t\t\t\t\t\t<input size=\"1\" type=\"tel\" name=\"form_fields[telefone]\" id=\"form-field-telefone\" class=\"elementor-field elementor-size-lg  elementor-field-textual\" placeholder=\"WhatsApp (with area code) *\" required=\"required\" pattern=\"[0-9()#&amp;+*-=.]+\" title=\"Only numbers and phone characters (#, -, *, etc) are accepted.\">\n\n\t\t\t\t\t\t<\/div>\n\t\t\t\t\t\t\t\t<div class=\"elementor-field-type-text elementor-field-group elementor-column elementor-field-group-estado elementor-col-100 elementor-field-required\">\n\t\t\t\t\t\t\t\t\t\t\t\t<label for=\"form-field-estado\" class=\"elementor-field-label elementor-screen-only\">\n\t\t\t\t\t\t\t\tState\t\t\t\t\t\t\t<\/label>\n\t\t\t\t\t\t\t\t\t\t\t\t\t\t<input size=\"1\" type=\"text\" name=\"form_fields[estado]\" id=\"form-field-estado\" class=\"elementor-field elementor-size-lg  elementor-field-textual\" placeholder=\"State\" required=\"required\">\n\t\t\t\t\t\t\t\t\t\t\t<\/div>\n\t\t\t\t\t\t\t\t<div class=\"elementor-field-type-text elementor-field-group elementor-column elementor-field-group-cidade elementor-col-100\">\n\t\t\t\t\t\t\t\t\t\t\t\t<label for=\"form-field-cidade\" class=\"elementor-field-label elementor-screen-only\">\n\t\t\t\t\t\t\t\tCity\t\t\t\t\t\t\t<\/label>\n\t\t\t\t\t\t\t\t\t\t\t\t\t\t<input size=\"1\" type=\"text\" name=\"form_fields[cidade]\" id=\"form-field-cidade\" class=\"elementor-field elementor-size-lg  elementor-field-textual\" placeholder=\"City\">\n\t\t\t\t\t\t\t\t\t\t\t<\/div>\n\t\t\t\t\t\t\t\t<div class=\"elementor-field-type-checkbox elementor-field-group elementor-column elementor-field-group-produtos elementor-col-80\">\n\t\t\t\t\t\t\t\t\t\t\t\t<label for=\"form-field-produtos\" class=\"elementor-field-label elementor-screen-only\">\n\t\t\t\t\t\t\t\tProdutos de interesse *\t\t\t\t\t\t\t<\/label>\n\t\t\t\t\t\t<div class=\"elementor-field-subgroup  elementor-subgroup-inline\"><span class=\"elementor-field-option\"><input type=\"checkbox\" value=\"Polycord\" id=\"form-field-produtos-0\" name=\"form_fields[produtos][]\"> <label for=\"form-field-produtos-0\">Polycord<\/label><\/span><span class=\"elementor-field-option\"><input type=\"checkbox\" value=\"Polynet\" id=\"form-field-produtos-1\" name=\"form_fields[produtos][]\"> <label for=\"form-field-produtos-1\">Polynet<\/label><\/span><span class=\"elementor-field-option\"><input type=\"checkbox\" value=\"Polywrap\" id=\"form-field-produtos-2\" name=\"form_fields[produtos][]\"> <label for=\"form-field-produtos-2\">Polywrap<\/label><\/span><span class=\"elementor-field-option\"><input type=\"checkbox\" value=\"Polybag\" id=\"form-field-produtos-3\" name=\"form_fields[produtos][]\"> <label for=\"form-field-produtos-3\">Polybag<\/label><\/span><span class=\"elementor-field-option\"><input type=\"checkbox\" value=\"Extrasilo\" id=\"form-field-produtos-4\" name=\"form_fields[produtos][]\"> <label for=\"form-field-produtos-4\">Extrasilo<\/label><\/span><span class=\"elementor-field-option\"><input type=\"checkbox\" value=\"Extralona\" id=\"form-field-produtos-5\" name=\"form_fields[produtos][]\"> <label for=\"form-field-produtos-5\">Extralona<\/label><\/span><span class=\"elementor-field-option\"><input type=\"checkbox\" value=\"Extragreenhouse\" id=\"form-field-produtos-6\" name=\"form_fields[produtos][]\"> <label for=\"form-field-produtos-6\">Extragreenhouse<\/label><\/span><span class=\"elementor-field-option\"><input type=\"checkbox\" value=\"Extramulching\" id=\"form-field-produtos-7\" name=\"form_fields[produtos][]\"> <label for=\"form-field-produtos-7\">Extramulching<\/label><\/span><span class=\"elementor-field-option\"><input type=\"checkbox\" value=\"Siloplus\" id=\"form-field-produtos-8\" name=\"form_fields[produtos][]\"> <label for=\"form-field-produtos-8\">Siloplus<\/label><\/span><span class=\"elementor-field-option\"><input type=\"checkbox\" value=\"Extracotton\" id=\"form-field-produtos-9\" name=\"form_fields[produtos][]\"> <label for=\"form-field-produtos-9\">Extracotton<\/label><\/span><span class=\"elementor-field-option\"><input type=\"checkbox\" value=\"Extrarevest\" id=\"form-field-produtos-10\" name=\"form_fields[produtos][]\"> <label for=\"form-field-produtos-10\">Extrarevest<\/label><\/span><\/div>\t\t\t\t<\/div>\n\t\t\t\t\t\t\t\t<div class=\"elementor-field-type-textarea elementor-field-group elementor-column elementor-field-group-mensagem elementor-col-100 elementor-field-required\">\n\t\t\t\t\t\t\t\t\t\t\t\t<label for=\"form-field-mensagem\" class=\"elementor-field-label elementor-screen-only\">\n\t\t\t\t\t\t\t\tMessage\t\t\t\t\t\t\t<\/label>\n\t\t\t\t\t\t<textarea class=\"elementor-field-textual elementor-field  elementor-size-lg\" name=\"form_fields[mensagem]\" id=\"form-field-mensagem\" rows=\"3\" placeholder=\"Detalhe aqui sua necessidade *\" required=\"required\"><\/textarea>\t\t\t\t<\/div>\n\t\t\t\t\t\t\t\t<div class=\"elementor-field-type-hidden elementor-field-group elementor-column elementor-field-group-pg_origem elementor-col-100\">\n\t\t\t\t\t\t\t\t\t\t\t\t\t<input size=\"1\" type=\"hidden\" name=\"form_fields[pg_origem]\" id=\"form-field-pg_origem\" class=\"elementor-field elementor-size-lg  elementor-field-textual\">\n\t\t\t\t\t\t\t\t\t\t\t<\/div>\n\t\t\t\t\t\t\t\t<div class=\"elementor-field-type-checkbox elementor-field-group elementor-column elementor-field-group-consentimento elementor-col-100\">\n\t\t\t\t\t\t\t\t\t\t\t\t<label for=\"form-field-consentimento\" class=\"elementor-field-label elementor-screen-only\">\n\t\t\t\t\t\t\t\tCommunication Consent\t\t\t\t\t\t\t<\/label>\n\t\t\t\t\t\t<div class=\"elementor-field-subgroup\"><span class=\"elementor-field-option\"><input type=\"checkbox\" value=\"Eu concordo em receber comunica\u00e7\u00f5es personalizadas de acordo com meus interesses.\" id=\"form-field-consentimento-0\" name=\"form_fields[consentimento]\"> <label for=\"form-field-consentimento-0\">I agree to receive personalized communications according to my interests.<\/label><\/span><\/div>\t\t\t\t<\/div>\n\t\t\t\t\t\t\t\t<div class=\"elementor-field-group elementor-column elementor-field-type-submit elementor-col-100 e-form__buttons\">\n\t\t\t\t\t<button class=\"elementor-button elementor-size-sm elementor-animation-grow\" type=\"submit\">\n\t\t\t\t\t\t<span class=\"elementor-button-content-wrapper\">\n\t\t\t\t\t\t\t\t\t\t\t\t\t\t\t\t\t\t\t\t\t\t<span class=\"elementor-button-text\">Request your quote<\/span>\n\t\t\t\t\t\t\t\t\t\t\t\t\t<\/span>\n\t\t\t\t\t<\/button>\n\t\t\t\t<\/div>\n\t\t\t<\/div>\n\t\t<input type=\"hidden\" name=\"trp-form-language\" value=\"en\"\/><\/form>\n\t\t\t\t\t\t<\/div>\n\t\t\t\t<\/div>\n\t\t\t\t<\/div>\n\t\t\t\t\t<\/div>\n\t\t\t\t<\/div>\n\t\t\t\t<\/div>","protected":false},"excerpt":{"rendered":"<p>Solicite seu or\u00e7amento \u00c9 s\u00f3 preencher o formul\u00e1rio, que entraremos em contato o mais breve poss\u00edvel.<\/p>","protected":false},"author":1,"featured_media":0,"parent":0,"menu_order":0,"comment_status":"closed","ping_status":"closed","template":"elementor_header_footer","meta":{"footnotes":""},"class_list":["post-3353","page","type-page","status-publish","hentry"],"yoast_head":"<!-- This site is optimized with the Yoast SEO plugin v26.5 - https:\/\/yoast.com\/wordpress\/plugins\/seo\/ -->\n<title>Or\u00e7amento - Extraplast<\/title>\n<meta name=\"robots\" content=\"index, follow, max-snippet:-1, max-image-preview:large, max-video-preview:-1\" \/>\n<link rel=\"canonical\" href=\"https:\/\/extraplast.com.br\/en\/orcamento\/\" \/>\n<meta property=\"og:locale\" content=\"en_US\" \/>\n<meta property=\"og:type\" content=\"article\" \/>\n<meta property=\"og:title\" content=\"Or\u00e7amento - Extraplast\" \/>\n<meta property=\"og:description\" content=\"Solicite seu or\u00e7amento \u00c9 s\u00f3 preencher o formul\u00e1rio, que entraremos em contato o mais breve poss\u00edvel.\" \/>\n<meta property=\"og:url\" content=\"https:\/\/extraplast.com.br\/en\/orcamento\/\" \/>\n<meta property=\"og:site_name\" content=\"Extraplast\" \/>\n<meta property=\"article:modified_time\" content=\"2026-01-30T01:43:16+00:00\" \/>\n<meta name=\"twitter:card\" content=\"summary_large_image\" \/>\n<meta name=\"twitter:label1\" content=\"Est. reading time\" \/>\n\t<meta name=\"twitter:data1\" content=\"1 minute\" \/>\n<script type=\"application\/ld+json\" class=\"yoast-schema-graph\">{\"@context\":\"https:\/\/schema.org\",\"@graph\":[{\"@type\":\"WebPage\",\"@id\":\"https:\/\/extraplast.com.br\/orcamento\/\",\"url\":\"https:\/\/extraplast.com.br\/orcamento\/\",\"name\":\"Or\u00e7amento - Extraplast\",\"isPartOf\":{\"@id\":\"https:\/\/extraplast.com.br\/#website\"},\"datePublished\":\"2025-04-17T20:08:33+00:00\",\"dateModified\":\"2026-01-30T01:43:16+00:00\",\"breadcrumb\":{\"@id\":\"https:\/\/extraplast.com.br\/orcamento\/#breadcrumb\"},\"inLanguage\":\"en-US\",\"potentialAction\":[{\"@type\":\"ReadAction\",\"target\":[\"https:\/\/extraplast.com.br\/orcamento\/\"]}]},{\"@type\":\"BreadcrumbList\",\"@id\":\"https:\/\/extraplast.com.br\/orcamento\/#breadcrumb\",\"itemListElement\":[{\"@type\":\"ListItem\",\"position\":1,\"name\":\"In\u00edcio\",\"item\":\"https:\/\/extraplast.com.br\/\"},{\"@type\":\"ListItem\",\"position\":2,\"name\":\"Or\u00e7amento\"}]},{\"@type\":\"WebSite\",\"@id\":\"https:\/\/extraplast.com.br\/#website\",\"url\":\"https:\/\/extraplast.com.br\/\",\"name\":\"Extraplast\",\"description\":\"\",\"publisher\":{\"@id\":\"https:\/\/extraplast.com.br\/#organization\"},\"potentialAction\":[{\"@type\":\"SearchAction\",\"target\":{\"@type\":\"EntryPoint\",\"urlTemplate\":\"https:\/\/extraplast.com.br\/?s={search_term_string}\"},\"query-input\":{\"@type\":\"PropertyValueSpecification\",\"valueRequired\":true,\"valueName\":\"search_term_string\"}}],\"inLanguage\":\"en-US\"},{\"@type\":\"Organization\",\"@id\":\"https:\/\/extraplast.com.br\/#organization\",\"name\":\"Extraplast\",\"url\":\"https:\/\/extraplast.com.br\/\",\"logo\":{\"@type\":\"ImageObject\",\"inLanguage\":\"en-US\",\"@id\":\"https:\/\/extraplast.com.br\/#\/schema\/logo\/image\/\",\"url\":\"https:\/\/extraplast.com.br\/wp-content\/uploads\/2025\/04\/Logo-Extraplast.png\",\"contentUrl\":\"https:\/\/extraplast.com.br\/wp-content\/uploads\/2025\/04\/Logo-Extraplast.png\",\"width\":298,\"height\":75,\"caption\":\"Extraplast\"},\"image\":{\"@id\":\"https:\/\/extraplast.com.br\/#\/schema\/logo\/image\/\"}}]}<\/script>\n<!-- \/ Yoast SEO plugin. -->","yoast_head_json":{"title":"Or\u00e7amento - Extraplast","robots":{"index":"index","follow":"follow","max-snippet":"max-snippet:-1","max-image-preview":"max-image-preview:large","max-video-preview":"max-video-preview:-1"},"canonical":"https:\/\/extraplast.com.br\/en\/orcamento\/","og_locale":"en_US","og_type":"article","og_title":"Or\u00e7amento - Extraplast","og_description":"Solicite seu or\u00e7amento \u00c9 s\u00f3 preencher o formul\u00e1rio, que entraremos em contato o mais breve poss\u00edvel.","og_url":"https:\/\/extraplast.com.br\/en\/orcamento\/","og_site_name":"Extraplast","article_modified_time":"2026-01-30T01:43:16+00:00","twitter_card":"summary_large_image","twitter_misc":{"Est. reading time":"1 minute"},"schema":{"@context":"https:\/\/schema.org","@graph":[{"@type":"WebPage","@id":"https:\/\/extraplast.com.br\/orcamento\/","url":"https:\/\/extraplast.com.br\/orcamento\/","name":"Or\u00e7amento - Extraplast","isPartOf":{"@id":"https:\/\/extraplast.com.br\/#website"},"datePublished":"2025-04-17T20:08:33+00:00","dateModified":"2026-01-30T01:43:16+00:00","breadcrumb":{"@id":"https:\/\/extraplast.com.br\/orcamento\/#breadcrumb"},"inLanguage":"en-US","potentialAction":[{"@type":"ReadAction","target":["https:\/\/extraplast.com.br\/orcamento\/"]}]},{"@type":"BreadcrumbList","@id":"https:\/\/extraplast.com.br\/orcamento\/#breadcrumb","itemListElement":[{"@type":"ListItem","position":1,"name":"In\u00edcio","item":"https:\/\/extraplast.com.br\/"},{"@type":"ListItem","position":2,"name":"Or\u00e7amento"}]},{"@type":"WebSite","@id":"https:\/\/extraplast.com.br\/#website","url":"https:\/\/extraplast.com.br\/","name":"Extraplast","description":"","publisher":{"@id":"https:\/\/extraplast.com.br\/#organization"},"potentialAction":[{"@type":"SearchAction","target":{"@type":"EntryPoint","urlTemplate":"https:\/\/extraplast.com.br\/?s={search_term_string}"},"query-input":{"@type":"PropertyValueSpecification","valueRequired":true,"valueName":"search_term_string"}}],"inLanguage":"en-US"},{"@type":"Organization","@id":"https:\/\/extraplast.com.br\/#organization","name":"Extraplast","url":"https:\/\/extraplast.com.br\/","logo":{"@type":"ImageObject","inLanguage":"en-US","@id":"https:\/\/extraplast.com.br\/#\/schema\/logo\/image\/","url":"https:\/\/extraplast.com.br\/wp-content\/uploads\/2025\/04\/Logo-Extraplast.png","contentUrl":"https:\/\/extraplast.com.br\/wp-content\/uploads\/2025\/04\/Logo-Extraplast.png","width":298,"height":75,"caption":"Extraplast"},"image":{"@id":"https:\/\/extraplast.com.br\/#\/schema\/logo\/image\/"}}]}},"_links":{"self":[{"href":"https:\/\/extraplast.com.br\/en\/wp-json\/wp\/v2\/pages\/3353","targetHints":{"allow":["GET"]}}],"collection":[{"href":"https:\/\/extraplast.com.br\/en\/wp-json\/wp\/v2\/pages"}],"about":[{"href":"https:\/\/extraplast.com.br\/en\/wp-json\/wp\/v2\/types\/page"}],"author":[{"embeddable":true,"href":"https:\/\/extraplast.com.br\/en\/wp-json\/wp\/v2\/users\/1"}],"replies":[{"embeddable":true,"href":"https:\/\/extraplast.com.br\/en\/wp-json\/wp\/v2\/comments?post=3353"}],"version-history":[{"count":157,"href":"https:\/\/extraplast.com.br\/en\/wp-json\/wp\/v2\/pages\/3353\/revisions"}],"predecessor-version":[{"id":5896,"href":"https:\/\/extraplast.com.br\/en\/wp-json\/wp\/v2\/pages\/3353\/revisions\/5896"}],"wp:attachment":[{"href":"https:\/\/extraplast.com.br\/en\/wp-json\/wp\/v2\/media?parent=3353"}],"curies":[{"name":"wp","href":"https:\/\/api.w.org\/{rel}","templated":true}]}}