{"id":3754,"date":"2025-04-22T20:25:32","date_gmt":"2025-04-22T20:25:32","guid":{"rendered":"https:\/\/new.extraplast.com.br\/?page_id=3754"},"modified":"2025-05-14T20:20:41","modified_gmt":"2025-05-14T20:20:41","slug":"baixar-catalogo","status":"publish","type":"page","link":"https:\/\/extraplast.com.br\/en\/baixar-catalogo\/","title":{"rendered":"Download Catalog"},"content":{"rendered":"<div data-elementor-type=\"wp-page\" data-elementor-id=\"3754\" class=\"elementor elementor-3754\" data-elementor-post-type=\"page\">\n\t\t\t\t<div class=\"elementor-element elementor-element-7d031e6 e-flex e-con-boxed e-con e-parent\" data-id=\"7d031e6\" data-element_type=\"container\" data-settings=\"{&quot;background_background&quot;:&quot;classic&quot;}\">\n\t\t\t\t\t<div class=\"e-con-inner\">\n\t\t<div class=\"elementor-element elementor-element-ed239b1 e-con-full e-flex e-con e-child\" data-id=\"ed239b1\" data-element_type=\"container\">\n\t\t\t\t<div class=\"elementor-element elementor-element-e5dbe05 elementor-widget__width-initial elementor-widget-mobile__width-initial elementor-widget elementor-widget-image\" data-id=\"e5dbe05\" data-element_type=\"widget\" data-widget_type=\"image.default\">\n\t\t\t\t<div class=\"elementor-widget-container\">\n\t\t\t\t\t\t\t\t\t\t\t\t\t\t\t<img fetchpriority=\"high\" decoding=\"async\" width=\"2844\" height=\"798\" src=\"https:\/\/extraplast.com.br\/wp-content\/uploads\/2025\/04\/Agrupar-3@3x.png\" class=\"attachment-full size-full wp-image-26\" alt=\"\" srcset=\"https:\/\/extraplast.com.br\/wp-content\/uploads\/2025\/04\/Agrupar-3@3x.png 2844w, https:\/\/extraplast.com.br\/wp-content\/uploads\/2025\/04\/Agrupar-3@3x-300x84.png 300w, https:\/\/extraplast.com.br\/wp-content\/uploads\/2025\/04\/Agrupar-3@3x-1024x287.png 1024w, https:\/\/extraplast.com.br\/wp-content\/uploads\/2025\/04\/Agrupar-3@3x-768x215.png 768w, https:\/\/extraplast.com.br\/wp-content\/uploads\/2025\/04\/Agrupar-3@3x-1536x431.png 1536w, https:\/\/extraplast.com.br\/wp-content\/uploads\/2025\/04\/Agrupar-3@3x-2048x575.png 2048w\" sizes=\"(max-width: 2844px) 100vw, 2844px\" \/>\t\t\t\t\t\t\t\t\t\t\t\t\t\t\t<\/div>\n\t\t\t\t<\/div>\n\t\t\t\t<div class=\"elementor-element elementor-element-331eb73 elementor-widget elementor-widget-image\" data-id=\"331eb73\" data-element_type=\"widget\" data-widget_type=\"image.default\">\n\t\t\t\t<div class=\"elementor-widget-container\">\n\t\t\t\t\t\t\t\t\t\t\t\t\t\t\t<img decoding=\"async\" width=\"546\" height=\"24\" src=\"https:\/\/extraplast.com.br\/wp-content\/uploads\/2025\/04\/GRADIENTE-RODAPE-CARDS.png\" class=\"attachment-large size-large wp-image-1548\" alt=\"\" srcset=\"https:\/\/extraplast.com.br\/wp-content\/uploads\/2025\/04\/GRADIENTE-RODAPE-CARDS.png 546w, https:\/\/extraplast.com.br\/wp-content\/uploads\/2025\/04\/GRADIENTE-RODAPE-CARDS-300x13.png 300w\" sizes=\"(max-width: 546px) 100vw, 546px\" \/>\t\t\t\t\t\t\t\t\t\t\t\t\t\t\t<\/div>\n\t\t\t\t<\/div>\n\t\t\t\t<div class=\"elementor-element elementor-element-3c8a8ba elementor-widget__width-initial elementor-widget-mobile__width-initial elementor-widget elementor-widget-text-editor\" data-id=\"3c8a8ba\" data-element_type=\"widget\" data-widget_type=\"text-editor.default\">\n\t\t\t\t<div class=\"elementor-widget-container\">\n\t\t\t\t\t\t\t\t\t<p>Fill out the form to download the catalog.<\/p>\t\t\t\t\t\t\t\t<\/div>\n\t\t\t\t<\/div>\n\t\t\t\t<\/div>\n\t\t<div class=\"elementor-element elementor-element-610a11d e-con-full e-flex e-con e-child\" data-id=\"610a11d\" data-element_type=\"container\">\n\t\t\t\t<div class=\"elementor-element elementor-element-c5a0375 elementor-widget elementor-widget-html\" data-id=\"c5a0375\" data-element_type=\"widget\" data-widget_type=\"html.default\">\n\t\t\t\t<div class=\"elementor-widget-container\">\n\t\t\t\t\t<script>\n  document.addEventListener(\"DOMContentLoaded\", function () {\n    const params = new URLSearchParams(window.location.search);\n    const origem = params.get(\"pg-origem\");\n    const campo = document.getElementById(\"form-field-pg_origem\");\n\n    if (origem && campo) {\n      campo.value = origem;\n\n      \/\/ For\u00e7a o Elementor a perceber a mudan\u00e7a\n      const event = new Event('input', { bubbles: true });\n      campo.dispatchEvent(event);\n\n      console.log(\"\u2705 Campo 'pg_origem' preenchido e atualizado.\");\n    }\n  });\n<\/script>\n\t\t\t\t<\/div>\n\t\t\t\t<\/div>\n\t\t\t\t<div class=\"elementor-element elementor-element-ff0ffd3 elementor-button-align-stretch elementor-widget elementor-widget-form\" data-id=\"ff0ffd3\" data-element_type=\"widget\" data-settings=\"{&quot;step_next_label&quot;:&quot;Next&quot;,&quot;step_previous_label&quot;:&quot;Previous&quot;,&quot;button_width&quot;:&quot;100&quot;,&quot;step_type&quot;:&quot;number_text&quot;,&quot;step_icon_shape&quot;:&quot;circle&quot;}\" data-widget_type=\"form.default\">\n\t\t\t\t<div class=\"elementor-widget-container\">\n\t\t\t\t\t\t\t<form class=\"elementor-form\" method=\"post\" name=\"Cat\u00e1logos\" aria-label=\"Cat\u00e1logos\" action=\"\">\n\t\t\t<input type=\"hidden\" name=\"post_id\" value=\"3754\"\/>\n\t\t\t<input type=\"hidden\" name=\"form_id\" value=\"ff0ffd3\"\/>\n\t\t\t<input type=\"hidden\" name=\"referer_title\" value=\"Extraplast\" \/>\n\n\t\t\t\n\t\t\t<div class=\"elementor-form-fields-wrapper elementor-labels-\">\n\t\t\t\t\t\t\t\t<div class=\"elementor-field-type-text elementor-field-group elementor-column elementor-field-group-nome elementor-col-100 elementor-field-required\">\n\t\t\t\t\t\t\t\t\t\t\t\t<label for=\"form-field-nome\" class=\"elementor-field-label elementor-screen-only\">\n\t\t\t\t\t\t\t\tName\t\t\t\t\t\t\t<\/label>\n\t\t\t\t\t\t\t\t\t\t\t\t\t\t<input size=\"1\" type=\"text\" name=\"form_fields[nome]\" id=\"form-field-nome\" class=\"elementor-field elementor-size-lg  elementor-field-textual\" placeholder=\"Name\" required=\"required\">\n\t\t\t\t\t\t\t\t\t\t\t<\/div>\n\t\t\t\t\t\t\t\t<div class=\"elementor-field-type-email elementor-field-group elementor-column elementor-field-group-email elementor-col-100 elementor-field-required\">\n\t\t\t\t\t\t\t\t\t\t\t\t<label for=\"form-field-email\" class=\"elementor-field-label elementor-screen-only\">\n\t\t\t\t\t\t\t\tEmail\t\t\t\t\t\t\t<\/label>\n\t\t\t\t\t\t\t\t\t\t\t\t\t\t<input size=\"1\" type=\"email\" name=\"form_fields[email]\" id=\"form-field-email\" class=\"elementor-field elementor-size-lg  elementor-field-textual\" placeholder=\"E-mail *\" required=\"required\">\n\t\t\t\t\t\t\t\t\t\t\t<\/div>\n\t\t\t\t\t\t\t\t<div class=\"elementor-field-type-tel elementor-field-group elementor-column elementor-field-group-telefone elementor-col-100 elementor-field-required\">\n\t\t\t\t\t\t\t\t\t\t\t\t<label for=\"form-field-telefone\" class=\"elementor-field-label elementor-screen-only\">\n\t\t\t\t\t\t\t\tTelefone\t\t\t\t\t\t\t<\/label>\n\t\t\t\t\t\t\t\t<input size=\"1\" type=\"tel\" name=\"form_fields[telefone]\" id=\"form-field-telefone\" class=\"elementor-field elementor-size-lg  elementor-field-textual\" placeholder=\"WhatsApp (with area code) *\" required=\"required\" pattern=\"[0-9()#&amp;+*-=.]+\" title=\"Only numbers and phone characters (#, -, *, etc) are accepted.\">\n\n\t\t\t\t\t\t<\/div>\n\t\t\t\t\t\t\t\t<div class=\"elementor-field-type-text elementor-field-group elementor-column elementor-field-group-estado elementor-col-100 elementor-field-required\">\n\t\t\t\t\t\t\t\t\t\t\t\t<label for=\"form-field-estado\" class=\"elementor-field-label elementor-screen-only\">\n\t\t\t\t\t\t\t\tState\t\t\t\t\t\t\t<\/label>\n\t\t\t\t\t\t\t\t\t\t\t\t\t\t<input size=\"1\" type=\"text\" name=\"form_fields[estado]\" id=\"form-field-estado\" class=\"elementor-field elementor-size-lg  elementor-field-textual\" placeholder=\"State\" required=\"required\">\n\t\t\t\t\t\t\t\t\t\t\t<\/div>\n\t\t\t\t\t\t\t\t<div class=\"elementor-field-type-text elementor-field-group elementor-column elementor-field-group-cidade elementor-col-100 elementor-field-required\">\n\t\t\t\t\t\t\t\t\t\t\t\t<label for=\"form-field-cidade\" class=\"elementor-field-label elementor-screen-only\">\n\t\t\t\t\t\t\t\tCity\t\t\t\t\t\t\t<\/label>\n\t\t\t\t\t\t\t\t\t\t\t\t\t\t<input size=\"1\" type=\"text\" name=\"form_fields[cidade]\" id=\"form-field-cidade\" class=\"elementor-field elementor-size-lg  elementor-field-textual\" placeholder=\"City\" required=\"required\">\n\t\t\t\t\t\t\t\t\t\t\t<\/div>\n\t\t\t\t\t\t\t\t<div class=\"elementor-field-type-hidden elementor-field-group elementor-column elementor-field-group-pg_origem elementor-col-100\">\n\t\t\t\t\t\t\t\t\t\t\t\t\t<input size=\"1\" type=\"hidden\" name=\"form_fields[pg_origem]\" id=\"form-field-pg_origem\" class=\"elementor-field elementor-size-lg  elementor-field-textual\">\n\t\t\t\t\t\t\t\t\t\t\t<\/div>\n\t\t\t\t\t\t\t\t<div class=\"elementor-field-type-checkbox elementor-field-group elementor-column elementor-field-group-consentimento elementor-col-100\">\n\t\t\t\t\t\t\t\t\t\t\t\t<label for=\"form-field-consentimento\" class=\"elementor-field-label elementor-screen-only\">\n\t\t\t\t\t\t\t\tCommunication Consent\t\t\t\t\t\t\t<\/label>\n\t\t\t\t\t\t<div class=\"elementor-field-subgroup\"><span class=\"elementor-field-option\"><input type=\"checkbox\" value=\"Eu concordo em receber comunica\u00e7\u00f5es personalizadas de acordo com meus interesses.\" id=\"form-field-consentimento-0\" name=\"form_fields[consentimento]\"> <label for=\"form-field-consentimento-0\">I agree to receive personalized communications according to my interests.<\/label><\/span><\/div>\t\t\t\t<\/div>\n\t\t\t\t\t\t\t\t<div class=\"elementor-field-group elementor-column elementor-field-type-submit elementor-col-100 e-form__buttons\">\n\t\t\t\t\t<button class=\"elementor-button elementor-size-sm elementor-animation-grow\" type=\"submit\">\n\t\t\t\t\t\t<span class=\"elementor-button-content-wrapper\">\n\t\t\t\t\t\t\t\t\t\t\t\t\t\t\t\t\t\t\t\t\t\t<span class=\"elementor-button-text\">Download Catalog<\/span>\n\t\t\t\t\t\t\t\t\t\t\t\t\t<\/span>\n\t\t\t\t\t<\/button>\n\t\t\t\t<\/div>\n\t\t\t<\/div>\n\t\t<input type=\"hidden\" name=\"trp-form-language\" value=\"en\"\/><\/form>\n\t\t\t\t\t\t<\/div>\n\t\t\t\t<\/div>\n\t\t\t\t<\/div>\n\t\t\t\t\t<\/div>\n\t\t\t\t<\/div>\n\t\t\t\t<\/div>","protected":false},"excerpt":{"rendered":"<p>Fill out the form to download the catalog.<\/p>","protected":false},"author":1,"featured_media":0,"parent":0,"menu_order":0,"comment_status":"closed","ping_status":"closed","template":"elementor_header_footer","meta":{"footnotes":""},"class_list":["post-3754","page","type-page","status-publish","hentry"],"yoast_head":"<!-- This site is optimized with the Yoast SEO plugin v26.5 - https:\/\/yoast.com\/wordpress\/plugins\/seo\/ -->\n<title>Baixar Cat\u00e1logo - Extraplast<\/title>\n<meta name=\"robots\" content=\"index, follow, max-snippet:-1, max-image-preview:large, max-video-preview:-1\" \/>\n<link rel=\"canonical\" href=\"https:\/\/extraplast.com.br\/en\/baixar-catalogo\/\" \/>\n<meta property=\"og:locale\" content=\"en_US\" \/>\n<meta property=\"og:type\" content=\"article\" \/>\n<meta property=\"og:title\" content=\"Baixar Cat\u00e1logo - Extraplast\" \/>\n<meta property=\"og:description\" content=\"Preencha o formul\u00e1rio para baixar o cat\u00e1logo.\" \/>\n<meta property=\"og:url\" content=\"https:\/\/extraplast.com.br\/en\/baixar-catalogo\/\" \/>\n<meta property=\"og:site_name\" content=\"Extraplast\" \/>\n<meta property=\"article:modified_time\" content=\"2025-05-14T20:20:41+00:00\" \/>\n<meta property=\"og:image\" content=\"https:\/\/extraplast.com.br\/wp-content\/uploads\/2025\/04\/Agrupar-3@3x.png\" \/>\n\t<meta property=\"og:image:width\" content=\"2844\" \/>\n\t<meta property=\"og:image:height\" content=\"798\" \/>\n\t<meta property=\"og:image:type\" content=\"image\/png\" \/>\n<meta name=\"twitter:card\" content=\"summary_large_image\" \/>\n<meta name=\"twitter:label1\" content=\"Est. reading time\" \/>\n\t<meta name=\"twitter:data1\" content=\"1 minute\" \/>\n<script type=\"application\/ld+json\" class=\"yoast-schema-graph\">{\"@context\":\"https:\/\/schema.org\",\"@graph\":[{\"@type\":\"WebPage\",\"@id\":\"https:\/\/extraplast.com.br\/baixar-catalogo\/\",\"url\":\"https:\/\/extraplast.com.br\/baixar-catalogo\/\",\"name\":\"Baixar Cat\u00e1logo - Extraplast\",\"isPartOf\":{\"@id\":\"https:\/\/extraplast.com.br\/#website\"},\"primaryImageOfPage\":{\"@id\":\"https:\/\/extraplast.com.br\/baixar-catalogo\/#primaryimage\"},\"image\":{\"@id\":\"https:\/\/extraplast.com.br\/baixar-catalogo\/#primaryimage\"},\"thumbnailUrl\":\"https:\/\/extraplast.com.br\/wp-content\/uploads\/2025\/04\/Agrupar-3@3x.png\",\"datePublished\":\"2025-04-22T20:25:32+00:00\",\"dateModified\":\"2025-05-14T20:20:41+00:00\",\"breadcrumb\":{\"@id\":\"https:\/\/extraplast.com.br\/baixar-catalogo\/#breadcrumb\"},\"inLanguage\":\"en-US\",\"potentialAction\":[{\"@type\":\"ReadAction\",\"target\":[\"https:\/\/extraplast.com.br\/baixar-catalogo\/\"]}]},{\"@type\":\"ImageObject\",\"inLanguage\":\"en-US\",\"@id\":\"https:\/\/extraplast.com.br\/baixar-catalogo\/#primaryimage\",\"url\":\"https:\/\/extraplast.com.br\/wp-content\/uploads\/2025\/04\/Agrupar-3@3x.png\",\"contentUrl\":\"https:\/\/extraplast.com.br\/wp-content\/uploads\/2025\/04\/Agrupar-3@3x.png\"},{\"@type\":\"BreadcrumbList\",\"@id\":\"https:\/\/extraplast.com.br\/baixar-catalogo\/#breadcrumb\",\"itemListElement\":[{\"@type\":\"ListItem\",\"position\":1,\"name\":\"In\u00edcio\",\"item\":\"https:\/\/extraplast.com.br\/\"},{\"@type\":\"ListItem\",\"position\":2,\"name\":\"Baixar Cat\u00e1logo\"}]},{\"@type\":\"WebSite\",\"@id\":\"https:\/\/extraplast.com.br\/#website\",\"url\":\"https:\/\/extraplast.com.br\/\",\"name\":\"Extraplast\",\"description\":\"\",\"publisher\":{\"@id\":\"https:\/\/extraplast.com.br\/#organization\"},\"potentialAction\":[{\"@type\":\"SearchAction\",\"target\":{\"@type\":\"EntryPoint\",\"urlTemplate\":\"https:\/\/extraplast.com.br\/?s={search_term_string}\"},\"query-input\":{\"@type\":\"PropertyValueSpecification\",\"valueRequired\":true,\"valueName\":\"search_term_string\"}}],\"inLanguage\":\"en-US\"},{\"@type\":\"Organization\",\"@id\":\"https:\/\/extraplast.com.br\/#organization\",\"name\":\"Extraplast\",\"url\":\"https:\/\/extraplast.com.br\/\",\"logo\":{\"@type\":\"ImageObject\",\"inLanguage\":\"en-US\",\"@id\":\"https:\/\/extraplast.com.br\/#\/schema\/logo\/image\/\",\"url\":\"https:\/\/extraplast.com.br\/wp-content\/uploads\/2025\/04\/Logo-Extraplast.png\",\"contentUrl\":\"https:\/\/extraplast.com.br\/wp-content\/uploads\/2025\/04\/Logo-Extraplast.png\",\"width\":298,\"height\":75,\"caption\":\"Extraplast\"},\"image\":{\"@id\":\"https:\/\/extraplast.com.br\/#\/schema\/logo\/image\/\"}}]}<\/script>\n<!-- \/ Yoast SEO plugin. -->","yoast_head_json":{"title":"Baixar Cat\u00e1logo - Extraplast","robots":{"index":"index","follow":"follow","max-snippet":"max-snippet:-1","max-image-preview":"max-image-preview:large","max-video-preview":"max-video-preview:-1"},"canonical":"https:\/\/extraplast.com.br\/en\/baixar-catalogo\/","og_locale":"en_US","og_type":"article","og_title":"Baixar Cat\u00e1logo - Extraplast","og_description":"Preencha o formul\u00e1rio para baixar o cat\u00e1logo.","og_url":"https:\/\/extraplast.com.br\/en\/baixar-catalogo\/","og_site_name":"Extraplast","article_modified_time":"2025-05-14T20:20:41+00:00","og_image":[{"width":2844,"height":798,"url":"https:\/\/extraplast.com.br\/wp-content\/uploads\/2025\/04\/Agrupar-3@3x.png","type":"image\/png"}],"twitter_card":"summary_large_image","twitter_misc":{"Est. reading time":"1 minute"},"schema":{"@context":"https:\/\/schema.org","@graph":[{"@type":"WebPage","@id":"https:\/\/extraplast.com.br\/baixar-catalogo\/","url":"https:\/\/extraplast.com.br\/baixar-catalogo\/","name":"Baixar Cat\u00e1logo - Extraplast","isPartOf":{"@id":"https:\/\/extraplast.com.br\/#website"},"primaryImageOfPage":{"@id":"https:\/\/extraplast.com.br\/baixar-catalogo\/#primaryimage"},"image":{"@id":"https:\/\/extraplast.com.br\/baixar-catalogo\/#primaryimage"},"thumbnailUrl":"https:\/\/extraplast.com.br\/wp-content\/uploads\/2025\/04\/Agrupar-3@3x.png","datePublished":"2025-04-22T20:25:32+00:00","dateModified":"2025-05-14T20:20:41+00:00","breadcrumb":{"@id":"https:\/\/extraplast.com.br\/baixar-catalogo\/#breadcrumb"},"inLanguage":"en-US","potentialAction":[{"@type":"ReadAction","target":["https:\/\/extraplast.com.br\/baixar-catalogo\/"]}]},{"@type":"ImageObject","inLanguage":"en-US","@id":"https:\/\/extraplast.com.br\/baixar-catalogo\/#primaryimage","url":"https:\/\/extraplast.com.br\/wp-content\/uploads\/2025\/04\/Agrupar-3@3x.png","contentUrl":"https:\/\/extraplast.com.br\/wp-content\/uploads\/2025\/04\/Agrupar-3@3x.png"},{"@type":"BreadcrumbList","@id":"https:\/\/extraplast.com.br\/baixar-catalogo\/#breadcrumb","itemListElement":[{"@type":"ListItem","position":1,"name":"In\u00edcio","item":"https:\/\/extraplast.com.br\/"},{"@type":"ListItem","position":2,"name":"Baixar Cat\u00e1logo"}]},{"@type":"WebSite","@id":"https:\/\/extraplast.com.br\/#website","url":"https:\/\/extraplast.com.br\/","name":"Extraplast","description":"","publisher":{"@id":"https:\/\/extraplast.com.br\/#organization"},"potentialAction":[{"@type":"SearchAction","target":{"@type":"EntryPoint","urlTemplate":"https:\/\/extraplast.com.br\/?s={search_term_string}"},"query-input":{"@type":"PropertyValueSpecification","valueRequired":true,"valueName":"search_term_string"}}],"inLanguage":"en-US"},{"@type":"Organization","@id":"https:\/\/extraplast.com.br\/#organization","name":"Extraplast","url":"https:\/\/extraplast.com.br\/","logo":{"@type":"ImageObject","inLanguage":"en-US","@id":"https:\/\/extraplast.com.br\/#\/schema\/logo\/image\/","url":"https:\/\/extraplast.com.br\/wp-content\/uploads\/2025\/04\/Logo-Extraplast.png","contentUrl":"https:\/\/extraplast.com.br\/wp-content\/uploads\/2025\/04\/Logo-Extraplast.png","width":298,"height":75,"caption":"Extraplast"},"image":{"@id":"https:\/\/extraplast.com.br\/#\/schema\/logo\/image\/"}}]}},"_links":{"self":[{"href":"https:\/\/extraplast.com.br\/en\/wp-json\/wp\/v2\/pages\/3754","targetHints":{"allow":["GET"]}}],"collection":[{"href":"https:\/\/extraplast.com.br\/en\/wp-json\/wp\/v2\/pages"}],"about":[{"href":"https:\/\/extraplast.com.br\/en\/wp-json\/wp\/v2\/types\/page"}],"author":[{"embeddable":true,"href":"https:\/\/extraplast.com.br\/en\/wp-json\/wp\/v2\/users\/1"}],"replies":[{"embeddable":true,"href":"https:\/\/extraplast.com.br\/en\/wp-json\/wp\/v2\/comments?post=3754"}],"version-history":[{"count":89,"href":"https:\/\/extraplast.com.br\/en\/wp-json\/wp\/v2\/pages\/3754\/revisions"}],"predecessor-version":[{"id":6054,"href":"https:\/\/extraplast.com.br\/en\/wp-json\/wp\/v2\/pages\/3754\/revisions\/6054"}],"wp:attachment":[{"href":"https:\/\/extraplast.com.br\/en\/wp-json\/wp\/v2\/media?parent=3754"}],"curies":[{"name":"wp","href":"https:\/\/api.w.org\/{rel}","templated":true}]}}