{"id":5224,"date":"2025-07-15T21:08:48","date_gmt":"2025-07-15T21:08:48","guid":{"rendered":"https:\/\/extraplast.com.br\/?page_id=5224"},"modified":"2025-07-18T15:59:13","modified_gmt":"2025-07-18T15:59:13","slug":"guia-rapido-para-estufa","status":"publish","type":"page","link":"https:\/\/extraplast.com.br\/en\/guia-rapido-para-estufa\/","title":{"rendered":"Guia R\u00e1pido para Estufa"},"content":{"rendered":"<div data-elementor-type=\"wp-page\" data-elementor-id=\"5224\" class=\"elementor elementor-5224\" data-elementor-post-type=\"page\">\n\t\t\t\t<div class=\"elementor-element elementor-element-5e94963 e-flex e-con-boxed e-con e-parent\" data-id=\"5e94963\" data-element_type=\"container\" data-settings=\"{&quot;background_background&quot;:&quot;classic&quot;}\">\n\t\t\t\t\t<div class=\"e-con-inner\">\n\t\t\t\t<div class=\"elementor-element elementor-element-12e5de3 elementor-widget-mobile__width-initial elementor-widget elementor-widget-image\" data-id=\"12e5de3\" data-element_type=\"widget\" data-widget_type=\"image.default\">\n\t\t\t\t<div class=\"elementor-widget-container\">\n\t\t\t\t\t\t\t\t\t\t\t\t\t\t\t<img decoding=\"async\" width=\"299\" height=\"75\" src=\"https:\/\/extraplast.com.br\/wp-content\/uploads\/2025\/04\/Logo-Extraplast-2.png\" class=\"attachment-full size-full wp-image-90\" alt=\"\" \/>\t\t\t\t\t\t\t\t\t\t\t\t\t\t\t<\/div>\n\t\t\t\t<\/div>\n\t\t\t\t\t<\/div>\n\t\t\t\t<\/div>\n\t\t<div class=\"elementor-element elementor-element-fab9cc6 e-flex e-con-boxed e-con e-parent\" data-id=\"fab9cc6\" data-element_type=\"container\" data-settings=\"{&quot;background_background&quot;:&quot;classic&quot;}\">\n\t\t\t\t\t<div class=\"e-con-inner\">\n\t\t<div class=\"elementor-element elementor-element-ffa53c5 e-flex e-con-boxed e-con e-child\" data-id=\"ffa53c5\" data-element_type=\"container\">\n\t\t\t\t\t<div class=\"e-con-inner\">\n\t\t\t\t<div class=\"elementor-element elementor-element-8eb8331 elementor-widget__width-initial elementor-invisible elementor-widget elementor-widget-heading\" data-id=\"8eb8331\" data-element_type=\"widget\" data-settings=\"{&quot;_animation&quot;:&quot;fadeIn&quot;}\" data-widget_type=\"heading.default\">\n\t\t\t\t<div class=\"elementor-widget-container\">\n\t\t\t\t\t<h2 class=\"elementor-heading-title elementor-size-default\">Guia r\u00e1pido para a sua estufa<\/h2>\t\t\t\t<\/div>\n\t\t\t\t<\/div>\n\t\t\t\t<div class=\"elementor-element elementor-element-ea91073 elementor-widget-mobile__width-initial elementor-invisible elementor-widget elementor-widget-image\" data-id=\"ea91073\" data-element_type=\"widget\" data-settings=\"{&quot;_animation&quot;:&quot;fadeIn&quot;,&quot;_animation_delay&quot;:300}\" data-widget_type=\"image.default\">\n\t\t\t\t<div class=\"elementor-widget-container\">\n\t\t\t\t\t\t\t\t\t\t\t\t\t\t\t<img decoding=\"async\" width=\"389\" height=\"7\" src=\"https:\/\/extraplast.com.br\/wp-content\/uploads\/2025\/07\/xtraplast-Gradient-Line.webp\" class=\"attachment-full size-full wp-image-5204\" alt=\"\" srcset=\"https:\/\/extraplast.com.br\/wp-content\/uploads\/2025\/07\/xtraplast-Gradient-Line.webp 389w, https:\/\/extraplast.com.br\/wp-content\/uploads\/2025\/07\/xtraplast-Gradient-Line-300x5.webp 300w\" sizes=\"(max-width: 389px) 100vw, 389px\" \/>\t\t\t\t\t\t\t\t\t\t\t\t\t\t\t<\/div>\n\t\t\t\t<\/div>\n\t\t\t\t<div class=\"elementor-element elementor-element-7d01543 elementor-widget__width-initial elementor-invisible elementor-widget elementor-widget-heading\" data-id=\"7d01543\" data-element_type=\"widget\" data-settings=\"{&quot;_animation&quot;:&quot;fadeIn&quot;,&quot;_animation_delay&quot;:500}\" data-widget_type=\"heading.default\">\n\t\t\t\t<div class=\"elementor-widget-container\">\n\t\t\t\t\t<h2 class=\"elementor-heading-title elementor-size-default\">Cultivo Protegido com mais resultado<\/h2>\t\t\t\t<\/div>\n\t\t\t\t<\/div>\n\t\t\t\t\t<\/div>\n\t\t\t\t<\/div>\n\t\t<div class=\"elementor-element elementor-element-8f8f243 e-con-full e-flex e-con e-child\" data-id=\"8f8f243\" data-element_type=\"container\">\n\t\t\t\t<div class=\"elementor-element elementor-element-bcf39a9 elementor-absolute animated-slow elementor-hidden-mobile elementor-invisible elementor-widget elementor-widget-image\" data-id=\"bcf39a9\" data-element_type=\"widget\" data-settings=\"{&quot;_position&quot;:&quot;absolute&quot;,&quot;_animation&quot;:&quot;fadeIn&quot;,&quot;_animation_delay&quot;:2000}\" data-widget_type=\"image.default\">\n\t\t\t\t<div class=\"elementor-widget-container\">\n\t\t\t\t\t\t\t\t\t\t\t\t\t\t\t<img decoding=\"async\" width=\"230\" height=\"91\" src=\"https:\/\/extraplast.com.br\/wp-content\/uploads\/2025\/07\/Extraplast-Frase.webp\" class=\"attachment-full size-full wp-image-5206\" alt=\"\" \/>\t\t\t\t\t\t\t\t\t\t\t\t\t\t\t<\/div>\n\t\t\t\t<\/div>\n\t\t\t\t<div class=\"elementor-element elementor-element-1fe2c40 elementor-widget-mobile__width-initial animated-slow elementor-hidden-desktop elementor-hidden-laptop elementor-hidden-tablet elementor-invisible elementor-widget elementor-widget-image\" data-id=\"1fe2c40\" data-element_type=\"widget\" data-settings=\"{&quot;_animation&quot;:&quot;fadeIn&quot;,&quot;_animation_delay&quot;:2000}\" data-widget_type=\"image.default\">\n\t\t\t\t<div class=\"elementor-widget-container\">\n\t\t\t\t\t\t\t\t\t\t\t\t\t\t\t<img decoding=\"async\" width=\"230\" height=\"91\" src=\"https:\/\/extraplast.com.br\/wp-content\/uploads\/2025\/07\/Extraplast-Frase.webp\" class=\"attachment-full size-full wp-image-5206\" alt=\"\" \/>\t\t\t\t\t\t\t\t\t\t\t\t\t\t\t<\/div>\n\t\t\t\t<\/div>\n\t\t\t\t<\/div>\n\t\t\t\t\t<\/div>\n\t\t\t\t<\/div>\n\t\t<div class=\"elementor-element elementor-element-2c602d5 e-flex e-con-boxed e-con e-parent\" data-id=\"2c602d5\" data-element_type=\"container\" data-settings=\"{&quot;background_background&quot;:&quot;classic&quot;}\">\n\t\t\t\t\t<div class=\"e-con-inner\">\n\t\t<div class=\"elementor-element elementor-element-c91f3bb e-flex e-con-boxed e-con e-child\" data-id=\"c91f3bb\" data-element_type=\"container\">\n\t\t\t\t\t<div class=\"e-con-inner\">\n\t\t<div class=\"elementor-element elementor-element-1834f3f e-con-full e-flex elementor-invisible e-con e-child\" data-id=\"1834f3f\" data-element_type=\"container\" data-settings=\"{&quot;background_background&quot;:&quot;classic&quot;,&quot;animation&quot;:&quot;fadeInUp&quot;}\">\n\t\t\t\t<div class=\"elementor-element elementor-element-5c98351 elementor-widget__width-initial elementor-widget elementor-widget-heading\" data-id=\"5c98351\" data-element_type=\"widget\" data-widget_type=\"heading.default\">\n\t\t\t\t<div class=\"elementor-widget-container\">\n\t\t\t\t\t<h2 class=\"elementor-heading-title elementor-size-default\">Preencha os campos abaixo para baixar o Guia:<\/h2>\t\t\t\t<\/div>\n\t\t\t\t<\/div>\n\t\t<div class=\"elementor-element elementor-element-16b4493 e-con-full e-flex e-con e-child\" data-id=\"16b4493\" data-element_type=\"container\">\n\t\t\t\t<div class=\"elementor-element elementor-element-7ef1487 elementor-widget elementor-widget-html\" data-id=\"7ef1487\" data-element_type=\"widget\" data-widget_type=\"html.default\">\n\t\t\t\t<div class=\"elementor-widget-container\">\n\t\t\t\t\t<script>\n  document.addEventListener(\"DOMContentLoaded\", function () {\n    const params = new URLSearchParams(window.location.search);\n    const origem = params.get(\"pg-origem\");\n    const campo = document.getElementById(\"form-field-pg_origem\");\n\n    if (origem && campo) {\n      campo.value = origem;\n\n      \/\/ For\u00e7a o Elementor a perceber a mudan\u00e7a\n      const event = new Event('input', { bubbles: true });\n      campo.dispatchEvent(event);\n\n      console.log(\"\u2705 Campo 'pg_origem' preenchido e atualizado.\");\n    }\n  });\n<\/script>\n\t\t\t\t<\/div>\n\t\t\t\t<\/div>\n\t\t\t\t<div class=\"elementor-element elementor-element-96e96d6 elementor-button-align-stretch elementor-widget elementor-widget-form\" data-id=\"96e96d6\" data-element_type=\"widget\" data-settings=\"{&quot;step_next_label&quot;:&quot;Next&quot;,&quot;step_previous_label&quot;:&quot;Previous&quot;,&quot;button_width&quot;:&quot;100&quot;,&quot;step_type&quot;:&quot;number_text&quot;,&quot;step_icon_shape&quot;:&quot;circle&quot;}\" data-widget_type=\"form.default\">\n\t\t\t\t<div class=\"elementor-widget-container\">\n\t\t\t\t\t\t\t<form class=\"elementor-form\" method=\"post\" name=\"Guia R\u00e1pido para Estufa\" aria-label=\"Guia R\u00e1pido para Estufa\" action=\"\">\n\t\t\t<input type=\"hidden\" name=\"post_id\" value=\"5224\"\/>\n\t\t\t<input type=\"hidden\" name=\"form_id\" value=\"96e96d6\"\/>\n\t\t\t<input type=\"hidden\" name=\"referer_title\" value=\"Extraplast\" \/>\n\n\t\t\t\n\t\t\t<div class=\"elementor-form-fields-wrapper elementor-labels-above\">\n\t\t\t\t\t\t\t\t<div class=\"elementor-field-type-text elementor-field-group elementor-column elementor-field-group-nome elementor-col-100 elementor-field-required elementor-mark-required\">\n\t\t\t\t\t\t\t\t\t\t\t\t<label for=\"form-field-nome\" class=\"elementor-field-label\">\n\t\t\t\t\t\t\t\tNome:\t\t\t\t\t\t\t<\/label>\n\t\t\t\t\t\t\t\t\t\t\t\t\t\t<input size=\"1\" type=\"text\" name=\"form_fields[nome]\" id=\"form-field-nome\" class=\"elementor-field elementor-size-lg  elementor-field-textual\" required=\"required\">\n\t\t\t\t\t\t\t\t\t\t\t<\/div>\n\t\t\t\t\t\t\t\t<div class=\"elementor-field-type-email elementor-field-group elementor-column elementor-field-group-email elementor-col-100 elementor-field-required elementor-mark-required\">\n\t\t\t\t\t\t\t\t\t\t\t\t<label for=\"form-field-email\" class=\"elementor-field-label\">\n\t\t\t\t\t\t\t\tE-mail:\t\t\t\t\t\t\t<\/label>\n\t\t\t\t\t\t\t\t\t\t\t\t\t\t<input size=\"1\" type=\"email\" name=\"form_fields[email]\" id=\"form-field-email\" class=\"elementor-field elementor-size-lg  elementor-field-textual\" required=\"required\">\n\t\t\t\t\t\t\t\t\t\t\t<\/div>\n\t\t\t\t\t\t\t\t<div class=\"elementor-field-type-tel elementor-field-group elementor-column elementor-field-group-telefone elementor-col-100 elementor-field-required elementor-mark-required\">\n\t\t\t\t\t\t\t\t\t\t\t\t<label for=\"form-field-telefone\" class=\"elementor-field-label\">\n\t\t\t\t\t\t\t\tTelefone:\t\t\t\t\t\t\t<\/label>\n\t\t\t\t\t\t\t\t<input size=\"1\" type=\"tel\" name=\"form_fields[telefone]\" id=\"form-field-telefone\" class=\"elementor-field elementor-size-lg  elementor-field-textual\" required=\"required\" pattern=\"[0-9()#&amp;+*-=.]+\" title=\"Only numbers and phone characters (#, -, *, etc) are accepted.\">\n\n\t\t\t\t\t\t<\/div>\n\t\t\t\t\t\t\t\t<div class=\"elementor-field-type-text elementor-field-group elementor-column elementor-field-group-cidade elementor-col-100 elementor-field-required elementor-mark-required\">\n\t\t\t\t\t\t\t\t\t\t\t\t<label for=\"form-field-cidade\" class=\"elementor-field-label\">\n\t\t\t\t\t\t\t\tCidade:\t\t\t\t\t\t\t<\/label>\n\t\t\t\t\t\t\t\t\t\t\t\t\t\t<input size=\"1\" type=\"text\" name=\"form_fields[cidade]\" id=\"form-field-cidade\" class=\"elementor-field elementor-size-lg  elementor-field-textual\" required=\"required\">\n\t\t\t\t\t\t\t\t\t\t\t<\/div>\n\t\t\t\t\t\t\t\t<div class=\"elementor-field-type-text elementor-field-group elementor-column elementor-field-group-estado elementor-col-100 elementor-field-required elementor-mark-required\">\n\t\t\t\t\t\t\t\t\t\t\t\t<label for=\"form-field-estado\" class=\"elementor-field-label\">\n\t\t\t\t\t\t\t\tEstado:\t\t\t\t\t\t\t<\/label>\n\t\t\t\t\t\t\t\t\t\t\t\t\t\t<input size=\"1\" type=\"text\" name=\"form_fields[estado]\" id=\"form-field-estado\" class=\"elementor-field elementor-size-lg  elementor-field-textual\" required=\"required\">\n\t\t\t\t\t\t\t\t\t\t\t<\/div>\n\t\t\t\t\t\t\t\t<div class=\"elementor-field-type-hidden elementor-field-group elementor-column elementor-field-group-pg_origem elementor-col-100\">\n\t\t\t\t\t\t\t\t\t\t\t\t\t<input size=\"1\" type=\"hidden\" name=\"form_fields[pg_origem]\" id=\"form-field-pg_origem\" class=\"elementor-field elementor-size-lg  elementor-field-textual\" value=\"https:\/\/extraplast.com.br\/guia-rapido-para-estufa\">\n\t\t\t\t\t\t\t\t\t\t\t<\/div>\n\t\t\t\t\t\t\t\t<div class=\"elementor-field-group elementor-column elementor-field-type-submit elementor-col-100 e-form__buttons\">\n\t\t\t\t\t<button class=\"elementor-button elementor-size-sm elementor-animation-grow\" type=\"submit\">\n\t\t\t\t\t\t<span class=\"elementor-button-content-wrapper\">\n\t\t\t\t\t\t\t\t\t\t\t\t\t\t\t\t\t\t\t\t\t\t<span class=\"elementor-button-text\">Baixar AGORA<\/span>\n\t\t\t\t\t\t\t\t\t\t\t\t\t<\/span>\n\t\t\t\t\t<\/button>\n\t\t\t\t<\/div>\n\t\t\t<\/div>\n\t\t<input type=\"hidden\" name=\"trp-form-language\" value=\"en\"\/><\/form>\n\t\t\t\t\t\t<\/div>\n\t\t\t\t<\/div>\n\t\t\t\t<\/div>\n\t\t\t\t<\/div>\n\t\t\t\t<div class=\"elementor-element elementor-element-dd4b5c6 elementor-widget__width-initial elementor-invisible elementor-widget elementor-widget-image-box\" data-id=\"dd4b5c6\" data-element_type=\"widget\" data-settings=\"{&quot;_animation&quot;:&quot;fadeInLeft&quot;,&quot;_animation_delay&quot;:300}\" data-widget_type=\"image-box.default\">\n\t\t\t\t<div class=\"elementor-widget-container\">\n\t\t\t\t\t<div class=\"elementor-image-box-wrapper\"><div class=\"elementor-image-box-content\"><h3 class=\"elementor-image-box-title\"><strong>Baixe agora <br>nosso Guia<\/strong> <br>e tenha acesso a conte\u00fados exclusivos<\/h3><p class=\"elementor-image-box-description\">\u25cf O que \u00e9 o Cultivo Protegido?;\n<br>\n\u25cf A diferen\u00e7a entre os tipos de filmes agr\u00edcolas;\n<br>\n\u25cf Luz PAR;\n<br>\n\u25cf Dicas para instala\u00e7\u00e3o correta dos filmes;\n<br>\n\u25cf O papel do mulching na conserva\u00e7\u00e3o do solo;\n<br>\n\u25cf Checklist: hora da revis\u00e3o da sua estufa;\n<br>\n\u25cf Conhe\u00e7a a linha Extraplast.<\/p><\/div><\/div>\t\t\t\t<\/div>\n\t\t\t\t<\/div>\n\t\t\t\t\t<\/div>\n\t\t\t\t<\/div>\n\t\t\t\t\t<\/div>\n\t\t\t\t<\/div>\n\t\t\t\t<\/div>","protected":false},"excerpt":{"rendered":"<p>Guia r\u00e1pido para a sua estufa Cultivo Protegido com mais resultado Preencha os campos abaixo para baixar o Guia: Baixe agora nosso Guia e tenha acesso a conte\u00fados exclusivos \u25cf O que \u00e9 o Cultivo Protegido?; \u25cf A diferen\u00e7a entre os tipos de filmes agr\u00edcolas; \u25cf Luz PAR; \u25cf Dicas para instala\u00e7\u00e3o correta dos filmes; [&hellip;]<\/p>","protected":false},"author":9,"featured_media":5255,"parent":0,"menu_order":0,"comment_status":"closed","ping_status":"closed","template":"elementor_canvas","meta":{"footnotes":""},"class_list":["post-5224","page","type-page","status-publish","has-post-thumbnail","hentry"],"yoast_head":"<!-- This site is optimized with the Yoast SEO plugin v26.5 - https:\/\/yoast.com\/wordpress\/plugins\/seo\/ -->\n<title>Guia R\u00e1pido para Estufa - Extraplast<\/title>\n<meta name=\"description\" content=\"Guia r\u00e1pido para a sua estufa! Cultivo Protegido com mais resultado. Baixe agora nosso Guia e tenha acesso a conte\u00fados exclusivos!\" \/>\n<meta name=\"robots\" content=\"index, follow, max-snippet:-1, max-image-preview:large, max-video-preview:-1\" \/>\n<link rel=\"canonical\" href=\"https:\/\/extraplast.com.br\/en\/guia-rapido-para-estufa\/\" \/>\n<meta property=\"og:locale\" content=\"en_US\" \/>\n<meta property=\"og:type\" content=\"article\" \/>\n<meta property=\"og:title\" content=\"Guia R\u00e1pido para Estufa - Extraplast\" \/>\n<meta property=\"og:description\" content=\"Guia r\u00e1pido para a sua estufa! Cultivo Protegido com mais resultado. Baixe agora nosso Guia e tenha acesso a conte\u00fados exclusivos!\" \/>\n<meta property=\"og:url\" content=\"https:\/\/extraplast.com.br\/en\/guia-rapido-para-estufa\/\" \/>\n<meta property=\"og:site_name\" content=\"Extraplast\" \/>\n<meta property=\"article:modified_time\" content=\"2025-07-18T15:59:13+00:00\" \/>\n<meta property=\"og:image\" content=\"https:\/\/extraplast.com.br\/wp-content\/uploads\/2025\/07\/Extraplast-Guia-Rapido-para-Estufa-TYP-Imagem-1.webp\" \/>\n\t<meta property=\"og:image:width\" content=\"448\" \/>\n\t<meta property=\"og:image:height\" content=\"572\" \/>\n\t<meta property=\"og:image:type\" content=\"image\/webp\" \/>\n<meta name=\"twitter:card\" content=\"summary_large_image\" \/>\n<meta name=\"twitter:label1\" content=\"Est. reading time\" \/>\n\t<meta name=\"twitter:data1\" content=\"2 minutes\" \/>\n<script type=\"application\/ld+json\" class=\"yoast-schema-graph\">{\"@context\":\"https:\/\/schema.org\",\"@graph\":[{\"@type\":\"WebPage\",\"@id\":\"https:\/\/extraplast.com.br\/guia-rapido-para-estufa\/\",\"url\":\"https:\/\/extraplast.com.br\/guia-rapido-para-estufa\/\",\"name\":\"Guia R\u00e1pido para Estufa - Extraplast\",\"isPartOf\":{\"@id\":\"https:\/\/extraplast.com.br\/#website\"},\"primaryImageOfPage\":{\"@id\":\"https:\/\/extraplast.com.br\/guia-rapido-para-estufa\/#primaryimage\"},\"image\":{\"@id\":\"https:\/\/extraplast.com.br\/guia-rapido-para-estufa\/#primaryimage\"},\"thumbnailUrl\":\"https:\/\/extraplast.com.br\/wp-content\/uploads\/2025\/07\/Extraplast-Guia-Rapido-para-Estufa-TYP-Imagem-1.webp\",\"datePublished\":\"2025-07-15T21:08:48+00:00\",\"dateModified\":\"2025-07-18T15:59:13+00:00\",\"description\":\"Guia r\u00e1pido para a sua estufa! Cultivo Protegido com mais resultado. Baixe agora nosso Guia e tenha acesso a conte\u00fados exclusivos!\",\"breadcrumb\":{\"@id\":\"https:\/\/extraplast.com.br\/guia-rapido-para-estufa\/#breadcrumb\"},\"inLanguage\":\"en-US\",\"potentialAction\":[{\"@type\":\"ReadAction\",\"target\":[\"https:\/\/extraplast.com.br\/guia-rapido-para-estufa\/\"]}]},{\"@type\":\"ImageObject\",\"inLanguage\":\"en-US\",\"@id\":\"https:\/\/extraplast.com.br\/guia-rapido-para-estufa\/#primaryimage\",\"url\":\"https:\/\/extraplast.com.br\/wp-content\/uploads\/2025\/07\/Extraplast-Guia-Rapido-para-Estufa-TYP-Imagem-1.webp\",\"contentUrl\":\"https:\/\/extraplast.com.br\/wp-content\/uploads\/2025\/07\/Extraplast-Guia-Rapido-para-Estufa-TYP-Imagem-1.webp\",\"width\":448,\"height\":572},{\"@type\":\"BreadcrumbList\",\"@id\":\"https:\/\/extraplast.com.br\/guia-rapido-para-estufa\/#breadcrumb\",\"itemListElement\":[{\"@type\":\"ListItem\",\"position\":1,\"name\":\"In\u00edcio\",\"item\":\"https:\/\/extraplast.com.br\/\"},{\"@type\":\"ListItem\",\"position\":2,\"name\":\"Guia R\u00e1pido para Estufa\"}]},{\"@type\":\"WebSite\",\"@id\":\"https:\/\/extraplast.com.br\/#website\",\"url\":\"https:\/\/extraplast.com.br\/\",\"name\":\"Extraplast\",\"description\":\"\",\"publisher\":{\"@id\":\"https:\/\/extraplast.com.br\/#organization\"},\"potentialAction\":[{\"@type\":\"SearchAction\",\"target\":{\"@type\":\"EntryPoint\",\"urlTemplate\":\"https:\/\/extraplast.com.br\/?s={search_term_string}\"},\"query-input\":{\"@type\":\"PropertyValueSpecification\",\"valueRequired\":true,\"valueName\":\"search_term_string\"}}],\"inLanguage\":\"en-US\"},{\"@type\":\"Organization\",\"@id\":\"https:\/\/extraplast.com.br\/#organization\",\"name\":\"Extraplast\",\"url\":\"https:\/\/extraplast.com.br\/\",\"logo\":{\"@type\":\"ImageObject\",\"inLanguage\":\"en-US\",\"@id\":\"https:\/\/extraplast.com.br\/#\/schema\/logo\/image\/\",\"url\":\"https:\/\/extraplast.com.br\/wp-content\/uploads\/2025\/04\/Logo-Extraplast.png\",\"contentUrl\":\"https:\/\/extraplast.com.br\/wp-content\/uploads\/2025\/04\/Logo-Extraplast.png\",\"width\":298,\"height\":75,\"caption\":\"Extraplast\"},\"image\":{\"@id\":\"https:\/\/extraplast.com.br\/#\/schema\/logo\/image\/\"}}]}<\/script>\n<!-- \/ Yoast SEO plugin. -->","yoast_head_json":{"title":"Guia R\u00e1pido para Estufa - Extraplast","description":"Guia r\u00e1pido para a sua estufa! Cultivo Protegido com mais resultado. Baixe agora nosso Guia e tenha acesso a conte\u00fados exclusivos!","robots":{"index":"index","follow":"follow","max-snippet":"max-snippet:-1","max-image-preview":"max-image-preview:large","max-video-preview":"max-video-preview:-1"},"canonical":"https:\/\/extraplast.com.br\/en\/guia-rapido-para-estufa\/","og_locale":"en_US","og_type":"article","og_title":"Guia R\u00e1pido para Estufa - Extraplast","og_description":"Guia r\u00e1pido para a sua estufa! Cultivo Protegido com mais resultado. Baixe agora nosso Guia e tenha acesso a conte\u00fados exclusivos!","og_url":"https:\/\/extraplast.com.br\/en\/guia-rapido-para-estufa\/","og_site_name":"Extraplast","article_modified_time":"2025-07-18T15:59:13+00:00","og_image":[{"width":448,"height":572,"url":"https:\/\/extraplast.com.br\/wp-content\/uploads\/2025\/07\/Extraplast-Guia-Rapido-para-Estufa-TYP-Imagem-1.webp","type":"image\/webp"}],"twitter_card":"summary_large_image","twitter_misc":{"Est. reading time":"2 minutes"},"schema":{"@context":"https:\/\/schema.org","@graph":[{"@type":"WebPage","@id":"https:\/\/extraplast.com.br\/guia-rapido-para-estufa\/","url":"https:\/\/extraplast.com.br\/guia-rapido-para-estufa\/","name":"Guia R\u00e1pido para Estufa - Extraplast","isPartOf":{"@id":"https:\/\/extraplast.com.br\/#website"},"primaryImageOfPage":{"@id":"https:\/\/extraplast.com.br\/guia-rapido-para-estufa\/#primaryimage"},"image":{"@id":"https:\/\/extraplast.com.br\/guia-rapido-para-estufa\/#primaryimage"},"thumbnailUrl":"https:\/\/extraplast.com.br\/wp-content\/uploads\/2025\/07\/Extraplast-Guia-Rapido-para-Estufa-TYP-Imagem-1.webp","datePublished":"2025-07-15T21:08:48+00:00","dateModified":"2025-07-18T15:59:13+00:00","description":"Guia r\u00e1pido para a sua estufa! Cultivo Protegido com mais resultado. Baixe agora nosso Guia e tenha acesso a conte\u00fados exclusivos!","breadcrumb":{"@id":"https:\/\/extraplast.com.br\/guia-rapido-para-estufa\/#breadcrumb"},"inLanguage":"en-US","potentialAction":[{"@type":"ReadAction","target":["https:\/\/extraplast.com.br\/guia-rapido-para-estufa\/"]}]},{"@type":"ImageObject","inLanguage":"en-US","@id":"https:\/\/extraplast.com.br\/guia-rapido-para-estufa\/#primaryimage","url":"https:\/\/extraplast.com.br\/wp-content\/uploads\/2025\/07\/Extraplast-Guia-Rapido-para-Estufa-TYP-Imagem-1.webp","contentUrl":"https:\/\/extraplast.com.br\/wp-content\/uploads\/2025\/07\/Extraplast-Guia-Rapido-para-Estufa-TYP-Imagem-1.webp","width":448,"height":572},{"@type":"BreadcrumbList","@id":"https:\/\/extraplast.com.br\/guia-rapido-para-estufa\/#breadcrumb","itemListElement":[{"@type":"ListItem","position":1,"name":"In\u00edcio","item":"https:\/\/extraplast.com.br\/"},{"@type":"ListItem","position":2,"name":"Guia R\u00e1pido para Estufa"}]},{"@type":"WebSite","@id":"https:\/\/extraplast.com.br\/#website","url":"https:\/\/extraplast.com.br\/","name":"Extraplast","description":"","publisher":{"@id":"https:\/\/extraplast.com.br\/#organization"},"potentialAction":[{"@type":"SearchAction","target":{"@type":"EntryPoint","urlTemplate":"https:\/\/extraplast.com.br\/?s={search_term_string}"},"query-input":{"@type":"PropertyValueSpecification","valueRequired":true,"valueName":"search_term_string"}}],"inLanguage":"en-US"},{"@type":"Organization","@id":"https:\/\/extraplast.com.br\/#organization","name":"Extraplast","url":"https:\/\/extraplast.com.br\/","logo":{"@type":"ImageObject","inLanguage":"en-US","@id":"https:\/\/extraplast.com.br\/#\/schema\/logo\/image\/","url":"https:\/\/extraplast.com.br\/wp-content\/uploads\/2025\/04\/Logo-Extraplast.png","contentUrl":"https:\/\/extraplast.com.br\/wp-content\/uploads\/2025\/04\/Logo-Extraplast.png","width":298,"height":75,"caption":"Extraplast"},"image":{"@id":"https:\/\/extraplast.com.br\/#\/schema\/logo\/image\/"}}]}},"_links":{"self":[{"href":"https:\/\/extraplast.com.br\/en\/wp-json\/wp\/v2\/pages\/5224","targetHints":{"allow":["GET"]}}],"collection":[{"href":"https:\/\/extraplast.com.br\/en\/wp-json\/wp\/v2\/pages"}],"about":[{"href":"https:\/\/extraplast.com.br\/en\/wp-json\/wp\/v2\/types\/page"}],"author":[{"embeddable":true,"href":"https:\/\/extraplast.com.br\/en\/wp-json\/wp\/v2\/users\/9"}],"replies":[{"embeddable":true,"href":"https:\/\/extraplast.com.br\/en\/wp-json\/wp\/v2\/comments?post=5224"}],"version-history":[{"count":56,"href":"https:\/\/extraplast.com.br\/en\/wp-json\/wp\/v2\/pages\/5224\/revisions"}],"predecessor-version":[{"id":5325,"href":"https:\/\/extraplast.com.br\/en\/wp-json\/wp\/v2\/pages\/5224\/revisions\/5325"}],"wp:featuredmedia":[{"embeddable":true,"href":"https:\/\/extraplast.com.br\/en\/wp-json\/wp\/v2\/media\/5255"}],"wp:attachment":[{"href":"https:\/\/extraplast.com.br\/en\/wp-json\/wp\/v2\/media?parent=5224"}],"curies":[{"name":"wp","href":"https:\/\/api.w.org\/{rel}","templated":true}]}}