{"id":628,"date":"2025-04-06T13:19:56","date_gmt":"2025-04-06T13:19:56","guid":{"rendered":"https:\/\/new.extraplast.com.br\/?page_id=628"},"modified":"2026-01-30T01:44:36","modified_gmt":"2026-01-30T01:44:36","slug":"contato","status":"publish","type":"page","link":"https:\/\/extraplast.com.br\/en\/contato\/","title":{"rendered":"Contact"},"content":{"rendered":"<div data-elementor-type=\"wp-page\" data-elementor-id=\"628\" class=\"elementor elementor-628\" data-elementor-post-type=\"page\">\n\t\t\t\t<div class=\"elementor-element elementor-element-7d031e6 e-flex e-con-boxed e-con e-parent\" data-id=\"7d031e6\" data-element_type=\"container\" data-settings=\"{&quot;background_background&quot;:&quot;slideshow&quot;,&quot;background_slideshow_gallery&quot;:[{&quot;id&quot;:3176,&quot;url&quot;:&quot;https:\\\/\\\/new.extraplast.com.br\\\/wp-content\\\/uploads\\\/2025\\\/04\\\/contato.jpg&quot;},{&quot;id&quot;:3344,&quot;url&quot;:&quot;https:\\\/\\\/new.extraplast.com.br\\\/wp-content\\\/uploads\\\/2025\\\/04\\\/contato-2.jpg&quot;}],&quot;background_slideshow_slide_duration&quot;:10000,&quot;background_slideshow_transition_duration&quot;:2000,&quot;background_slideshow_ken_burns&quot;:&quot;yes&quot;,&quot;background_slideshow_loop&quot;:&quot;yes&quot;,&quot;background_slideshow_slide_transition&quot;:&quot;fade&quot;,&quot;background_slideshow_ken_burns_zoom_direction&quot;:&quot;in&quot;}\">\n\t\t\t\t\t<div class=\"e-con-inner\">\n\t\t\t\t<div class=\"elementor-element elementor-element-596313c elementor-widget elementor-widget-heading\" data-id=\"596313c\" data-element_type=\"widget\" data-widget_type=\"heading.default\">\n\t\t\t\t<div class=\"elementor-widget-container\">\n\t\t\t\t\t<h2 class=\"elementor-heading-title elementor-size-default\">Fale <br>Conosco<\/h2>\t\t\t\t<\/div>\n\t\t\t\t<\/div>\n\t\t\t\t<div class=\"elementor-element elementor-element-3c8a8ba elementor-widget__width-initial elementor-widget-mobile__width-initial elementor-widget elementor-widget-text-editor\" data-id=\"3c8a8ba\" data-element_type=\"widget\" data-widget_type=\"text-editor.default\">\n\t\t\t\t<div class=\"elementor-widget-container\">\n\t\t\t\t\t\t\t\t\t<p>Send your message through the form. Our team will contact you soon!<\/p>\t\t\t\t\t\t\t\t<\/div>\n\t\t\t\t<\/div>\n\t\t\t\t\t<\/div>\n\t\t\t\t<\/div>\n\t\t<div class=\"elementor-element elementor-element-38e18f1 e-flex e-con-boxed e-con e-parent\" data-id=\"38e18f1\" data-element_type=\"container\">\n\t\t\t\t\t<div class=\"e-con-inner\">\n\t\t<div class=\"elementor-element elementor-element-d6c5714 e-con-full e-flex e-con e-child\" data-id=\"d6c5714\" data-element_type=\"container\">\n\t\t\t\t<div class=\"elementor-element elementor-element-aa4d230 elementor-button-align-stretch elementor-widget elementor-widget-form\" data-id=\"aa4d230\" data-element_type=\"widget\" data-settings=\"{&quot;step_next_label&quot;:&quot;Next&quot;,&quot;step_previous_label&quot;:&quot;Previous&quot;,&quot;button_width&quot;:&quot;100&quot;,&quot;step_type&quot;:&quot;number_text&quot;,&quot;step_icon_shape&quot;:&quot;circle&quot;}\" data-widget_type=\"form.default\">\n\t\t\t\t<div class=\"elementor-widget-container\">\n\t\t\t\t\t\t\t<form class=\"elementor-form\" method=\"post\" name=\"Pagina de Contato\" aria-label=\"Pagina de Contato\" action=\"\">\n\t\t\t<input type=\"hidden\" name=\"post_id\" value=\"628\"\/>\n\t\t\t<input type=\"hidden\" name=\"form_id\" value=\"aa4d230\"\/>\n\t\t\t<input type=\"hidden\" name=\"referer_title\" value=\"Extraplast\" \/>\n\n\t\t\t\n\t\t\t<div class=\"elementor-form-fields-wrapper elementor-labels-above\">\n\t\t\t\t\t\t\t\t<div class=\"elementor-field-type-text elementor-field-group elementor-column elementor-field-group-nome elementor-col-100 elementor-field-required\">\n\t\t\t\t\t\t\t\t\t\t\t\t\t<input size=\"1\" type=\"text\" name=\"form_fields[nome]\" id=\"form-field-nome\" class=\"elementor-field elementor-size-lg  elementor-field-textual\" placeholder=\"Name\" required=\"required\">\n\t\t\t\t\t\t\t\t\t\t\t<\/div>\n\t\t\t\t\t\t\t\t<div class=\"elementor-field-type-email elementor-field-group elementor-column elementor-field-group-email elementor-col-100 elementor-field-required\">\n\t\t\t\t\t\t\t\t\t\t\t\t\t<input size=\"1\" type=\"email\" name=\"form_fields[email]\" id=\"form-field-email\" class=\"elementor-field elementor-size-lg  elementor-field-textual\" placeholder=\"E-mail\" required=\"required\">\n\t\t\t\t\t\t\t\t\t\t\t<\/div>\n\t\t\t\t\t\t\t\t<div class=\"elementor-field-type-tel elementor-field-group elementor-column elementor-field-group-telefone elementor-col-100 elementor-field-required\">\n\t\t\t\t\t\t\t<input size=\"1\" type=\"tel\" name=\"form_fields[telefone]\" id=\"form-field-telefone\" class=\"elementor-field elementor-size-lg  elementor-field-textual\" placeholder=\"Phone\" required=\"required\" pattern=\"[0-9()#&amp;+*-=.]+\" title=\"Only numbers and phone characters (#, -, *, etc) are accepted.\">\n\n\t\t\t\t\t\t<\/div>\n\t\t\t\t\t\t\t\t<div class=\"elementor-field-type-text elementor-field-group elementor-column elementor-field-group-estado elementor-col-100 elementor-field-required\">\n\t\t\t\t\t\t\t\t\t\t\t\t\t<input size=\"1\" type=\"text\" name=\"form_fields[estado]\" id=\"form-field-estado\" class=\"elementor-field elementor-size-lg  elementor-field-textual\" placeholder=\"State\" required=\"required\">\n\t\t\t\t\t\t\t\t\t\t\t<\/div>\n\t\t\t\t\t\t\t\t<div class=\"elementor-field-type-text elementor-field-group elementor-column elementor-field-group-cidade elementor-col-100\">\n\t\t\t\t\t\t\t\t\t\t\t\t\t<input size=\"1\" type=\"text\" name=\"form_fields[cidade]\" id=\"form-field-cidade\" class=\"elementor-field elementor-size-lg  elementor-field-textual\" placeholder=\"City\">\n\t\t\t\t\t\t\t\t\t\t\t<\/div>\n\t\t\t\t\t\t\t\t<div class=\"elementor-field-type-text elementor-field-group elementor-column elementor-field-group-assunto elementor-col-100 elementor-field-required\">\n\t\t\t\t\t\t\t\t\t\t\t\t\t<input size=\"1\" type=\"text\" name=\"form_fields[assunto]\" id=\"form-field-assunto\" class=\"elementor-field elementor-size-lg  elementor-field-textual\" placeholder=\"Subject\" required=\"required\">\n\t\t\t\t\t\t\t\t\t\t\t<\/div>\n\t\t\t\t\t\t\t\t<div class=\"elementor-field-type-textarea elementor-field-group elementor-column elementor-field-group-mensagem elementor-col-100 elementor-field-required\">\n\t\t\t\t\t<textarea class=\"elementor-field-textual elementor-field  elementor-size-lg\" name=\"form_fields[mensagem]\" id=\"form-field-mensagem\" rows=\"9\" placeholder=\"Message\" required=\"required\"><\/textarea>\t\t\t\t<\/div>\n\t\t\t\t\t\t\t\t<div class=\"elementor-field-type-checkbox elementor-field-group elementor-column elementor-field-group-consentimento elementor-col-100\">\n\t\t\t\t\t\t\t\t\t\t\t\t<label for=\"form-field-consentimento\" class=\"elementor-field-label\">\n\t\t\t\t\t\t\t\tCommunication Consent\t\t\t\t\t\t\t<\/label>\n\t\t\t\t\t\t<div class=\"elementor-field-subgroup\"><span class=\"elementor-field-option\"><input type=\"checkbox\" value=\"Eu concordo em receber comunica\u00e7\u00f5es personalizadas de acordo com meus interesses.\" id=\"form-field-consentimento-0\" name=\"form_fields[consentimento]\"> <label for=\"form-field-consentimento-0\">I agree to receive personalized communications according to my interests.<\/label><\/span><\/div>\t\t\t\t<\/div>\n\t\t\t\t\t\t\t\t<div class=\"elementor-field-group elementor-column elementor-field-type-submit elementor-col-100 e-form__buttons\">\n\t\t\t\t\t<button class=\"elementor-button elementor-size-sm\" type=\"submit\">\n\t\t\t\t\t\t<span class=\"elementor-button-content-wrapper\">\n\t\t\t\t\t\t\t\t\t\t\t\t\t\t\t\t\t\t\t\t\t\t<span class=\"elementor-button-text\">Send<\/span>\n\t\t\t\t\t\t\t\t\t\t\t\t\t<\/span>\n\t\t\t\t\t<\/button>\n\t\t\t\t<\/div>\n\t\t\t<\/div>\n\t\t<input type=\"hidden\" name=\"trp-form-language\" value=\"en\"\/><\/form>\n\t\t\t\t\t\t<\/div>\n\t\t\t\t<\/div>\n\t\t\t\t<\/div>\n\t\t<div class=\"elementor-element elementor-element-620b3f1 e-con-full e-flex e-con e-child\" data-id=\"620b3f1\" data-element_type=\"container\">\n\t\t\t\t<div class=\"elementor-element elementor-element-5224bb6 elementor-widget__width-initial elementor-widget elementor-widget-text-editor\" data-id=\"5224bb6\" data-element_type=\"widget\" data-widget_type=\"text-editor.default\">\n\t\t\t\t<div class=\"elementor-widget-container\">\n\t\t\t\t\t\t\t\t\t<p><strong>ADDRESS<\/strong><\/p><p class=\"translation-block\">Tupiniquins Street, 253<br>Concei\u00e7\u00e3o Neighborhood<br>Carazinho \u2013 RS<br>ZIP Code 99500-000<\/p>\t\t\t\t\t\t\t\t<\/div>\n\t\t\t\t<\/div>\n\t\t\t\t<div class=\"elementor-element elementor-element-a0aec43 elementor-widget__width-initial elementor-widget elementor-widget-text-editor\" data-id=\"a0aec43\" data-element_type=\"widget\" data-widget_type=\"text-editor.default\">\n\t\t\t\t<div class=\"elementor-widget-container\">\n\t\t\t\t\t\t\t\t\t<p><strong>CONTATOS<\/strong><\/p>\t\t\t\t\t\t\t\t<\/div>\n\t\t\t\t<\/div>\n\t\t\t\t<div class=\"elementor-element elementor-element-99f643a elementor-icon-list--layout-traditional elementor-list-item-link-full_width elementor-widget elementor-widget-icon-list\" data-id=\"99f643a\" data-element_type=\"widget\" data-widget_type=\"icon-list.default\">\n\t\t\t\t<div class=\"elementor-widget-container\">\n\t\t\t\t\t\t\t<ul class=\"elementor-icon-list-items\">\n\t\t\t\t\t\t\t<li class=\"elementor-icon-list-item\">\n\t\t\t\t\t\t\t\t\t\t\t<span class=\"elementor-icon-list-icon\">\n\t\t\t\t\t\t\t<svg aria-hidden=\"true\" class=\"e-font-icon-svg e-fas-phone-alt\" viewbox=\"0 0 512 512\" xmlns=\"http:\/\/www.w3.org\/2000\/svg\"><path d=\"M497.39 361.8l-112-48a24 24 0 0 0-28 6.9l-49.6 60.6A370.66 370.66 0 0 1 130.6 204.11l60.6-49.6a23.94 23.94 0 0 0 6.9-28l-48-112A24.16 24.16 0 0 0 122.6.61l-104 24A24 24 0 0 0 0 48c0 256.5 207.9 464 464 464a24 24 0 0 0 23.4-18.6l24-104a24.29 24.29 0 0 0-14.01-27.6z\"><\/path><\/svg>\t\t\t\t\t\t<\/span>\n\t\t\t\t\t\t\t\t\t\t<span class=\"elementor-icon-list-text\">+55 54 3329-6178<\/span>\n\t\t\t\t\t\t\t\t\t<\/li>\n\t\t\t\t\t\t\t\t<li class=\"elementor-icon-list-item\">\n\t\t\t\t\t\t\t\t\t\t\t<span class=\"elementor-icon-list-icon\">\n\t\t\t\t\t\t\t<svg aria-hidden=\"true\" class=\"e-font-icon-svg e-fas-phone-alt\" viewbox=\"0 0 512 512\" xmlns=\"http:\/\/www.w3.org\/2000\/svg\"><path d=\"M497.39 361.8l-112-48a24 24 0 0 0-28 6.9l-49.6 60.6A370.66 370.66 0 0 1 130.6 204.11l60.6-49.6a23.94 23.94 0 0 0 6.9-28l-48-112A24.16 24.16 0 0 0 122.6.61l-104 24A24 24 0 0 0 0 48c0 256.5 207.9 464 464 464a24 24 0 0 0 23.4-18.6l24-104a24.29 24.29 0 0 0-14.01-27.6z\"><\/path><\/svg>\t\t\t\t\t\t<\/span>\n\t\t\t\t\t\t\t\t\t\t<span class=\"elementor-icon-list-text\">+55 54 3329-6372<\/span>\n\t\t\t\t\t\t\t\t\t<\/li>\n\t\t\t\t\t\t\t\t<li class=\"elementor-icon-list-item\">\n\t\t\t\t\t\t\t\t\t\t\t<span class=\"elementor-icon-list-icon\">\n\t\t\t\t\t\t\t<svg aria-hidden=\"true\" class=\"e-font-icon-svg e-fab-whatsapp\" viewbox=\"0 0 448 512\" xmlns=\"http:\/\/www.w3.org\/2000\/svg\"><path d=\"M380.9 97.1C339 55.1 283.2 32 223.9 32c-122.4 0-222 99.6-222 222 0 39.1 10.2 77.3 29.6 111L0 480l117.7-30.9c32.4 17.7 68.9 27 106.1 27h.1c122.3 0 224.1-99.6 224.1-222 0-59.3-25.2-115-67.1-157zm-157 341.6c-33.2 0-65.7-8.9-94-25.7l-6.7-4-69.8 18.3L72 359.2l-4.4-7c-18.5-29.4-28.2-63.3-28.2-98.2 0-101.7 82.8-184.5 184.6-184.5 49.3 0 95.6 19.2 130.4 54.1 34.8 34.9 56.2 81.2 56.1 130.5 0 101.8-84.9 184.6-186.6 184.6zm101.2-138.2c-5.5-2.8-32.8-16.2-37.9-18-5.1-1.9-8.8-2.8-12.5 2.8-3.7 5.6-14.3 18-17.6 21.8-3.2 3.7-6.5 4.2-12 1.4-32.6-16.3-54-29.1-75.5-66-5.7-9.8 5.7-9.1 16.3-30.3 1.8-3.7.9-6.9-.5-9.7-1.4-2.8-12.5-30.1-17.1-41.2-4.5-10.8-9.1-9.3-12.5-9.5-3.2-.2-6.9-.2-10.6-.2-3.7 0-9.7 1.4-14.8 6.9-5.1 5.6-19.4 19-19.4 46.3 0 27.3 19.9 53.7 22.6 57.4 2.8 3.7 39.1 59.7 94.8 83.8 35.2 15.2 49 16.5 66.6 13.9 10.7-1.6 32.8-13.4 37.4-26.4 4.6-13 4.6-24.1 3.2-26.4-1.3-2.5-5-3.9-10.5-6.6z\"><\/path><\/svg>\t\t\t\t\t\t<\/span>\n\t\t\t\t\t\t\t\t\t\t<span class=\"elementor-icon-list-text\">+55 54 9 8423-1386<\/span>\n\t\t\t\t\t\t\t\t\t<\/li>\n\t\t\t\t\t\t<\/ul>\n\t\t\t\t\t\t<\/div>\n\t\t\t\t<\/div>\n\t\t\t\t<div class=\"elementor-element elementor-element-47e12de elementor-widget__width-initial elementor-widget elementor-widget-text-editor\" data-id=\"47e12de\" data-element_type=\"widget\" data-widget_type=\"text-editor.default\">\n\t\t\t\t<div class=\"elementor-widget-container\">\n\t\t\t\t\t\t\t\t\t<p><strong>HOURS OF OPERATION<\/strong><\/p><p>Segunda \u00e0 Sexta 8:00-17:58<\/p>\t\t\t\t\t\t\t\t<\/div>\n\t\t\t\t<\/div>\n\t\t\t\t<div class=\"elementor-element elementor-element-06721f5 elementor-widget elementor-widget-image\" data-id=\"06721f5\" data-element_type=\"widget\" data-widget_type=\"image.default\">\n\t\t\t\t<div class=\"elementor-widget-container\">\n\t\t\t\t\t\t\t\t\t\t\t\t\t\t\t<img decoding=\"async\" width=\"546\" height=\"24\" src=\"https:\/\/extraplast.com.br\/wp-content\/uploads\/2025\/04\/GRADIENTE-RODAPE-CARDS.png\" class=\"attachment-large size-large wp-image-1548\" alt=\"\" srcset=\"https:\/\/extraplast.com.br\/wp-content\/uploads\/2025\/04\/GRADIENTE-RODAPE-CARDS.png 546w, https:\/\/extraplast.com.br\/wp-content\/uploads\/2025\/04\/GRADIENTE-RODAPE-CARDS-300x13.png 300w\" sizes=\"(max-width: 546px) 100vw, 546px\" \/>\t\t\t\t\t\t\t\t\t\t\t\t\t\t\t<\/div>\n\t\t\t\t<\/div>\n\t\t\t\t<div class=\"elementor-element elementor-element-00d72a0 elementor-widget__width-initial elementor-mobile-align-justify elementor-invisible elementor-widget elementor-widget-button\" data-id=\"00d72a0\" data-element_type=\"widget\" data-settings=\"{&quot;_animation&quot;:&quot;fadeInUp&quot;}\" data-widget_type=\"button.default\">\n\t\t\t\t<div class=\"elementor-widget-container\">\n\t\t\t\t\t\t\t\t\t<div class=\"elementor-button-wrapper\">\n\t\t\t\t\t<a class=\"elementor-button elementor-button-link elementor-size-sm elementor-animation-grow\" href=\"https:\/\/extraplast.com.br\/en\/trabalhe-conosco\/\">\n\t\t\t\t\t\t<span class=\"elementor-button-content-wrapper\">\n\t\t\t\t\t\t\t\t\t<span class=\"elementor-button-text\">Work With Us<\/span>\n\t\t\t\t\t<\/span>\n\t\t\t\t\t<\/a>\n\t\t\t\t<\/div>\n\t\t\t\t\t\t\t\t<\/div>\n\t\t\t\t<\/div>\n\t\t\t\t<\/div>\n\t\t\t\t\t<\/div>\n\t\t\t\t<\/div>\n\t\t\t\t<\/div>","protected":false},"excerpt":{"rendered":"<p>Fale Conosco Envie sua mensagem atrav\u00e9s do formul\u00e1rio. Em breve, nossa equipe entrar\u00e1 em contato com voc\u00ea! ENDERE\u00c7O Rua Tupiniquins, 253Bairro Concei\u00e7\u00e3oCarazinho &#8211; RSCEP 99500-000 CONTATOS +55 54 3329-6178 +55 54 3329-6372 +55 54 9 8423-1386 HOR\u00c1RIO DE ATENDIMENTO Segunda \u00e0 Sexta 8:00-17:58 Trabalhe conosco<\/p>","protected":false},"author":2,"featured_media":3176,"parent":0,"menu_order":0,"comment_status":"closed","ping_status":"closed","template":"elementor_header_footer","meta":{"footnotes":""},"class_list":["post-628","page","type-page","status-publish","has-post-thumbnail","hentry"],"yoast_head":"<!-- This site is optimized with the Yoast SEO plugin v26.5 - https:\/\/yoast.com\/wordpress\/plugins\/seo\/ -->\n<title>Contato - Extraplast<\/title>\n<meta name=\"description\" content=\"Fale com a Extraplast. Tire d\u00favidas, solicite or\u00e7amento e descubra solu\u00e7\u00f5es agr\u00edcolas com tecnologia, resist\u00eancia e suporte especializado.\" \/>\n<meta name=\"robots\" content=\"index, follow, max-snippet:-1, max-image-preview:large, max-video-preview:-1\" \/>\n<link rel=\"canonical\" href=\"https:\/\/extraplast.com.br\/en\/contato\/\" \/>\n<meta property=\"og:locale\" content=\"en_US\" \/>\n<meta property=\"og:type\" content=\"article\" \/>\n<meta property=\"og:title\" content=\"Contato - Extraplast\" \/>\n<meta property=\"og:description\" content=\"Fale com a Extraplast. Tire d\u00favidas, solicite or\u00e7amento e descubra solu\u00e7\u00f5es agr\u00edcolas com tecnologia, resist\u00eancia e suporte especializado.\" \/>\n<meta property=\"og:url\" content=\"https:\/\/extraplast.com.br\/en\/contato\/\" \/>\n<meta property=\"og:site_name\" content=\"Extraplast\" \/>\n<meta property=\"article:modified_time\" content=\"2026-01-30T01:44:36+00:00\" \/>\n<meta property=\"og:image\" content=\"https:\/\/extraplast.com.br\/wp-content\/uploads\/2025\/04\/contato.jpg\" \/>\n\t<meta property=\"og:image:width\" content=\"1920\" \/>\n\t<meta property=\"og:image:height\" content=\"600\" \/>\n\t<meta property=\"og:image:type\" content=\"image\/jpeg\" \/>\n<meta name=\"twitter:card\" content=\"summary_large_image\" \/>\n<meta name=\"twitter:label1\" content=\"Est. reading time\" \/>\n\t<meta name=\"twitter:data1\" content=\"1 minute\" \/>\n<script type=\"application\/ld+json\" class=\"yoast-schema-graph\">{\"@context\":\"https:\/\/schema.org\",\"@graph\":[{\"@type\":\"WebPage\",\"@id\":\"https:\/\/extraplast.com.br\/contato\/\",\"url\":\"https:\/\/extraplast.com.br\/contato\/\",\"name\":\"Contato - Extraplast\",\"isPartOf\":{\"@id\":\"https:\/\/extraplast.com.br\/#website\"},\"primaryImageOfPage\":{\"@id\":\"https:\/\/extraplast.com.br\/contato\/#primaryimage\"},\"image\":{\"@id\":\"https:\/\/extraplast.com.br\/contato\/#primaryimage\"},\"thumbnailUrl\":\"https:\/\/extraplast.com.br\/wp-content\/uploads\/2025\/04\/contato.jpg\",\"datePublished\":\"2025-04-06T13:19:56+00:00\",\"dateModified\":\"2026-01-30T01:44:36+00:00\",\"description\":\"Fale com a Extraplast. Tire d\u00favidas, solicite or\u00e7amento e descubra solu\u00e7\u00f5es agr\u00edcolas com tecnologia, resist\u00eancia e suporte especializado.\",\"breadcrumb\":{\"@id\":\"https:\/\/extraplast.com.br\/contato\/#breadcrumb\"},\"inLanguage\":\"en-US\",\"potentialAction\":[{\"@type\":\"ReadAction\",\"target\":[\"https:\/\/extraplast.com.br\/contato\/\"]}]},{\"@type\":\"ImageObject\",\"inLanguage\":\"en-US\",\"@id\":\"https:\/\/extraplast.com.br\/contato\/#primaryimage\",\"url\":\"https:\/\/extraplast.com.br\/wp-content\/uploads\/2025\/04\/contato.jpg\",\"contentUrl\":\"https:\/\/extraplast.com.br\/wp-content\/uploads\/2025\/04\/contato.jpg\",\"width\":1920,\"height\":600},{\"@type\":\"BreadcrumbList\",\"@id\":\"https:\/\/extraplast.com.br\/contato\/#breadcrumb\",\"itemListElement\":[{\"@type\":\"ListItem\",\"position\":1,\"name\":\"In\u00edcio\",\"item\":\"https:\/\/extraplast.com.br\/\"},{\"@type\":\"ListItem\",\"position\":2,\"name\":\"Contato\"}]},{\"@type\":\"WebSite\",\"@id\":\"https:\/\/extraplast.com.br\/#website\",\"url\":\"https:\/\/extraplast.com.br\/\",\"name\":\"Extraplast\",\"description\":\"\",\"publisher\":{\"@id\":\"https:\/\/extraplast.com.br\/#organization\"},\"potentialAction\":[{\"@type\":\"SearchAction\",\"target\":{\"@type\":\"EntryPoint\",\"urlTemplate\":\"https:\/\/extraplast.com.br\/?s={search_term_string}\"},\"query-input\":{\"@type\":\"PropertyValueSpecification\",\"valueRequired\":true,\"valueName\":\"search_term_string\"}}],\"inLanguage\":\"en-US\"},{\"@type\":\"Organization\",\"@id\":\"https:\/\/extraplast.com.br\/#organization\",\"name\":\"Extraplast\",\"url\":\"https:\/\/extraplast.com.br\/\",\"logo\":{\"@type\":\"ImageObject\",\"inLanguage\":\"en-US\",\"@id\":\"https:\/\/extraplast.com.br\/#\/schema\/logo\/image\/\",\"url\":\"https:\/\/extraplast.com.br\/wp-content\/uploads\/2025\/04\/Logo-Extraplast.png\",\"contentUrl\":\"https:\/\/extraplast.com.br\/wp-content\/uploads\/2025\/04\/Logo-Extraplast.png\",\"width\":298,\"height\":75,\"caption\":\"Extraplast\"},\"image\":{\"@id\":\"https:\/\/extraplast.com.br\/#\/schema\/logo\/image\/\"}}]}<\/script>\n<!-- \/ Yoast SEO plugin. -->","yoast_head_json":{"title":"Contato - Extraplast","description":"Fale com a Extraplast. Tire d\u00favidas, solicite or\u00e7amento e descubra solu\u00e7\u00f5es agr\u00edcolas com tecnologia, resist\u00eancia e suporte especializado.","robots":{"index":"index","follow":"follow","max-snippet":"max-snippet:-1","max-image-preview":"max-image-preview:large","max-video-preview":"max-video-preview:-1"},"canonical":"https:\/\/extraplast.com.br\/en\/contato\/","og_locale":"en_US","og_type":"article","og_title":"Contato - Extraplast","og_description":"Fale com a Extraplast. Tire d\u00favidas, solicite or\u00e7amento e descubra solu\u00e7\u00f5es agr\u00edcolas com tecnologia, resist\u00eancia e suporte especializado.","og_url":"https:\/\/extraplast.com.br\/en\/contato\/","og_site_name":"Extraplast","article_modified_time":"2026-01-30T01:44:36+00:00","og_image":[{"width":1920,"height":600,"url":"https:\/\/extraplast.com.br\/wp-content\/uploads\/2025\/04\/contato.jpg","type":"image\/jpeg"}],"twitter_card":"summary_large_image","twitter_misc":{"Est. reading time":"1 minute"},"schema":{"@context":"https:\/\/schema.org","@graph":[{"@type":"WebPage","@id":"https:\/\/extraplast.com.br\/contato\/","url":"https:\/\/extraplast.com.br\/contato\/","name":"Contato - Extraplast","isPartOf":{"@id":"https:\/\/extraplast.com.br\/#website"},"primaryImageOfPage":{"@id":"https:\/\/extraplast.com.br\/contato\/#primaryimage"},"image":{"@id":"https:\/\/extraplast.com.br\/contato\/#primaryimage"},"thumbnailUrl":"https:\/\/extraplast.com.br\/wp-content\/uploads\/2025\/04\/contato.jpg","datePublished":"2025-04-06T13:19:56+00:00","dateModified":"2026-01-30T01:44:36+00:00","description":"Fale com a Extraplast. Tire d\u00favidas, solicite or\u00e7amento e descubra solu\u00e7\u00f5es agr\u00edcolas com tecnologia, resist\u00eancia e suporte especializado.","breadcrumb":{"@id":"https:\/\/extraplast.com.br\/contato\/#breadcrumb"},"inLanguage":"en-US","potentialAction":[{"@type":"ReadAction","target":["https:\/\/extraplast.com.br\/contato\/"]}]},{"@type":"ImageObject","inLanguage":"en-US","@id":"https:\/\/extraplast.com.br\/contato\/#primaryimage","url":"https:\/\/extraplast.com.br\/wp-content\/uploads\/2025\/04\/contato.jpg","contentUrl":"https:\/\/extraplast.com.br\/wp-content\/uploads\/2025\/04\/contato.jpg","width":1920,"height":600},{"@type":"BreadcrumbList","@id":"https:\/\/extraplast.com.br\/contato\/#breadcrumb","itemListElement":[{"@type":"ListItem","position":1,"name":"In\u00edcio","item":"https:\/\/extraplast.com.br\/"},{"@type":"ListItem","position":2,"name":"Contato"}]},{"@type":"WebSite","@id":"https:\/\/extraplast.com.br\/#website","url":"https:\/\/extraplast.com.br\/","name":"Extraplast","description":"","publisher":{"@id":"https:\/\/extraplast.com.br\/#organization"},"potentialAction":[{"@type":"SearchAction","target":{"@type":"EntryPoint","urlTemplate":"https:\/\/extraplast.com.br\/?s={search_term_string}"},"query-input":{"@type":"PropertyValueSpecification","valueRequired":true,"valueName":"search_term_string"}}],"inLanguage":"en-US"},{"@type":"Organization","@id":"https:\/\/extraplast.com.br\/#organization","name":"Extraplast","url":"https:\/\/extraplast.com.br\/","logo":{"@type":"ImageObject","inLanguage":"en-US","@id":"https:\/\/extraplast.com.br\/#\/schema\/logo\/image\/","url":"https:\/\/extraplast.com.br\/wp-content\/uploads\/2025\/04\/Logo-Extraplast.png","contentUrl":"https:\/\/extraplast.com.br\/wp-content\/uploads\/2025\/04\/Logo-Extraplast.png","width":298,"height":75,"caption":"Extraplast"},"image":{"@id":"https:\/\/extraplast.com.br\/#\/schema\/logo\/image\/"}}]}},"_links":{"self":[{"href":"https:\/\/extraplast.com.br\/en\/wp-json\/wp\/v2\/pages\/628","targetHints":{"allow":["GET"]}}],"collection":[{"href":"https:\/\/extraplast.com.br\/en\/wp-json\/wp\/v2\/pages"}],"about":[{"href":"https:\/\/extraplast.com.br\/en\/wp-json\/wp\/v2\/types\/page"}],"author":[{"embeddable":true,"href":"https:\/\/extraplast.com.br\/en\/wp-json\/wp\/v2\/users\/2"}],"replies":[{"embeddable":true,"href":"https:\/\/extraplast.com.br\/en\/wp-json\/wp\/v2\/comments?post=628"}],"version-history":[{"count":132,"href":"https:\/\/extraplast.com.br\/en\/wp-json\/wp\/v2\/pages\/628\/revisions"}],"predecessor-version":[{"id":5899,"href":"https:\/\/extraplast.com.br\/en\/wp-json\/wp\/v2\/pages\/628\/revisions\/5899"}],"wp:featuredmedia":[{"embeddable":true,"href":"https:\/\/extraplast.com.br\/en\/wp-json\/wp\/v2\/media\/3176"}],"wp:attachment":[{"href":"https:\/\/extraplast.com.br\/en\/wp-json\/wp\/v2\/media?parent=628"}],"curies":[{"name":"wp","href":"https:\/\/api.w.org\/{rel}","templated":true}]}}