{"id":721,"date":"2025-04-07T01:15:38","date_gmt":"2025-04-07T01:15:38","guid":{"rendered":"https:\/\/new.extraplast.com.br\/?page_id=721"},"modified":"2025-12-02T12:26:50","modified_gmt":"2025-12-02T12:26:50","slug":"a-empresa","status":"publish","type":"page","link":"https:\/\/extraplast.com.br\/en\/a-empresa\/","title":{"rendered":"Sobre"},"content":{"rendered":"<div data-elementor-type=\"wp-page\" data-elementor-id=\"721\" class=\"elementor elementor-721\" data-elementor-post-type=\"page\">\n\t\t\t\t<div class=\"elementor-element elementor-element-f55fa67 e-con-full e-flex e-con e-parent\" data-id=\"f55fa67\" data-element_type=\"container\" data-settings=\"{&quot;background_background&quot;:&quot;slideshow&quot;,&quot;background_slideshow_gallery&quot;:[{&quot;id&quot;:2868,&quot;url&quot;:&quot;https:\\\/\\\/new.extraplast.com.br\\\/wp-content\\\/uploads\\\/2025\\\/04\\\/paixao-por-proteger-cultivos-agricola-extraplast.jpg&quot;},{&quot;id&quot;:3081,&quot;url&quot;:&quot;https:\\\/\\\/new.extraplast.com.br\\\/wp-content\\\/uploads\\\/2025\\\/04\\\/paixao-por-proteger-cultivos-agricola-extraplast.webp&quot;}],&quot;background_slideshow_transition_duration&quot;:2000,&quot;background_slideshow_ken_burns&quot;:&quot;yes&quot;,&quot;background_slideshow_slide_duration&quot;:10000,&quot;background_slideshow_loop&quot;:&quot;yes&quot;,&quot;background_slideshow_slide_transition&quot;:&quot;fade&quot;,&quot;background_slideshow_ken_burns_zoom_direction&quot;:&quot;in&quot;}\">\n\t\t\t\t<div class=\"elementor-element elementor-element-f0b7fa3 elementor-widget elementor-widget-heading\" data-id=\"f0b7fa3\" data-element_type=\"widget\" data-widget_type=\"heading.default\">\n\t\t\t\t<div class=\"elementor-widget-container\">\n\t\t\t\t\t<h2 class=\"elementor-heading-title elementor-size-default translation-block\">Passion and <b>innovation<\/b> in agribusiness<\/h2>\t\t\t\t<\/div>\n\t\t\t\t<\/div>\n\t\t\t\t<\/div>\n\t\t<div class=\"elementor-element elementor-element-3672fa1 e-flex e-con-boxed e-con e-parent\" data-id=\"3672fa1\" data-element_type=\"container\" data-settings=\"{&quot;background_background&quot;:&quot;classic&quot;}\">\n\t\t\t\t\t<div class=\"e-con-inner\">\n\t\t<div class=\"elementor-element elementor-element-879dd79 e-con-full e-flex e-con e-child\" data-id=\"879dd79\" data-element_type=\"container\">\n\t\t\t\t<div class=\"elementor-element elementor-element-5c8cffb elementor-widget__width-initial elementor-widget elementor-widget-text-editor\" data-id=\"5c8cffb\" data-element_type=\"widget\" data-widget_type=\"text-editor.default\">\n\t\t\t\t<div class=\"elementor-widget-container\">\n\t\t\t\t\t\t\t\t\t<p class=\"translation-block\"><b>We are a Brazilian company<\/b> that was born with the purpose of transforming the polyethylene industry. From the beginning, we specialized in the creation of shrink bags and films, innovating in every segment we touched.<\/p><p>Early in our journey, we connected with the field, developing materials that revolutionized the way of working with the land.\u00a0<\/p><p>This is how we created solutions that are now essential for silage and storage,<\/p>\t\t\t\t\t\t\t\t<\/div>\n\t\t\t\t<\/div>\n\t\t\t\t<\/div>\n\t\t<div class=\"elementor-element elementor-element-fd89909 e-con-full e-flex e-con e-child\" data-id=\"fd89909\" data-element_type=\"container\">\n\t\t\t\t<div class=\"elementor-element elementor-element-0105ac9 elementor-widget__width-initial elementor-widget elementor-widget-text-editor\" data-id=\"0105ac9\" data-element_type=\"widget\" data-widget_type=\"text-editor.default\">\n\t\t\t\t<div class=\"elementor-widget-container\">\n\t\t\t\t\t\t\t\t\t<p>Our history is marked by the expansion of horizons. With solid roots and a forward-looking vision, we have grown to be wherever agribusiness happens, bringing excellence and innovation to the South, Southeast, Midwest, North, and Northeast of Brazil.<\/p>\n<p>We offer a complete portfolio for haymaking, silage, and grain storage, delivering much more than products: solutions designed to cultivate results, from the field to the harvest.<\/p>\t\t\t\t\t\t\t\t<\/div>\n\t\t\t\t<\/div>\n\t\t\t\t<\/div>\n\t\t\t\t\t<\/div>\n\t\t\t\t<\/div>\n\t\t<div class=\"elementor-element elementor-element-701d6af e-flex e-con-boxed e-con e-parent\" data-id=\"701d6af\" data-element_type=\"container\" data-settings=\"{&quot;background_background&quot;:&quot;classic&quot;}\">\n\t\t\t\t\t<div class=\"e-con-inner\">\n\t\t\t\t\t<\/div>\n\t\t\t\t<\/div>\n\t\t<div class=\"elementor-element elementor-element-9cbe35b e-flex e-con-boxed e-con e-parent\" data-id=\"9cbe35b\" data-element_type=\"container\">\n\t\t\t\t\t<div class=\"e-con-inner\">\n\t\t\t\t<div class=\"elementor-element elementor-element-b7e468a elementor-widget__width-initial elementor-widget-laptop__width-initial elementor-widget elementor-widget-heading\" data-id=\"b7e468a\" data-element_type=\"widget\" data-widget_type=\"heading.default\">\n\t\t\t\t<div class=\"elementor-widget-container\">\n\t\t\t\t\t<h2 class=\"elementor-heading-title elementor-size-default translation-block\">More than quality: <b>advantages that protect your production<\/b><\/h2>\t\t\t\t<\/div>\n\t\t\t\t<\/div>\n\t\t\t\t<div class=\"elementor-element elementor-element-0891d74 elementor-widget__width-initial elementor-widget elementor-widget-image\" data-id=\"0891d74\" data-element_type=\"widget\" data-widget_type=\"image.default\">\n\t\t\t\t<div class=\"elementor-widget-container\">\n\t\t\t\t\t\t\t\t\t\t\t\t\t\t\t<img fetchpriority=\"high\" decoding=\"async\" width=\"696\" height=\"348\" src=\"https:\/\/extraplast.com.br\/wp-content\/uploads\/2025\/12\/Selos-EN.webp\" class=\"attachment-large size-large wp-image-5724\" alt=\"\" srcset=\"https:\/\/extraplast.com.br\/wp-content\/uploads\/2025\/12\/Selos-EN.webp 696w, https:\/\/extraplast.com.br\/wp-content\/uploads\/2025\/12\/Selos-EN-300x150.webp 300w, https:\/\/extraplast.com.br\/wp-content\/uploads\/2025\/12\/Selos-EN-18x9.webp 18w\" sizes=\"(max-width: 696px) 100vw, 696px\" \/>\t\t\t\t\t\t\t\t\t\t\t\t\t\t\t<\/div>\n\t\t\t\t<\/div>\n\t\t\t\t<div class=\"elementor-element elementor-element-e53f77e elementor-align-center elementor-mobile-align-justify elementor-widget__width-initial elementor-widget-laptop__width-initial elementor-widget-mobile__width-inherit elementor-widget elementor-widget-button\" data-id=\"e53f77e\" data-element_type=\"widget\" data-widget_type=\"button.default\">\n\t\t\t\t<div class=\"elementor-widget-container\">\n\t\t\t\t\t\t\t\t\t<div class=\"elementor-button-wrapper\">\n\t\t\t\t\t<a class=\"elementor-button elementor-button-link elementor-size-sm elementor-animation-grow\" href=\"https:\/\/extraplast.com.br\/en\/contato\/\">\n\t\t\t\t\t\t<span class=\"elementor-button-content-wrapper\">\n\t\t\t\t\t\t\t\t\t<span class=\"elementor-button-text\">Contact Us<\/span>\n\t\t\t\t\t<\/span>\n\t\t\t\t\t<\/a>\n\t\t\t\t<\/div>\n\t\t\t\t\t\t\t\t<\/div>\n\t\t\t\t<\/div>\n\t\t\t\t\t<\/div>\n\t\t\t\t<\/div>\n\t\t<div class=\"elementor-element elementor-element-4d7943f e-flex e-con-boxed e-con e-parent\" data-id=\"4d7943f\" data-element_type=\"container\" data-settings=\"{&quot;background_background&quot;:&quot;classic&quot;}\">\n\t\t\t\t\t<div class=\"e-con-inner\">\n\t\t<div class=\"elementor-element elementor-element-040b10a e-con-full e-flex e-con e-child\" data-id=\"040b10a\" data-element_type=\"container\">\n\t\t\t\t<div class=\"elementor-element elementor-element-44a7c07 elementor-widget elementor-widget-heading\" data-id=\"44a7c07\" data-element_type=\"widget\" data-widget_type=\"heading.default\">\n\t\t\t\t<div class=\"elementor-widget-container\">\n\t\t\t\t\t<h3 class=\"elementor-heading-title elementor-size-default\">Purpose<\/h3>\t\t\t\t<\/div>\n\t\t\t\t<\/div>\n\t\t\t\t<div class=\"elementor-element elementor-element-0287dc9 elementor-widget__width-initial elementor-widget elementor-widget-text-editor\" data-id=\"0287dc9\" data-element_type=\"widget\" data-widget_type=\"text-editor.default\">\n\t\t\t\t<div class=\"elementor-widget-container\">\n\t\t\t\t\t\t\t\t\t<p class=\"translation-block\">Passion for <strong>protecting<\/strong> agricultural crops<\/p>\t\t\t\t\t\t\t\t<\/div>\n\t\t\t\t<\/div>\n\t\t\t\t<\/div>\n\t\t\t\t\t<\/div>\n\t\t\t\t<\/div>\n\t\t<div class=\"elementor-element elementor-element-014384e e-flex e-con-boxed e-con e-parent\" data-id=\"014384e\" data-element_type=\"container\" data-settings=\"{&quot;background_background&quot;:&quot;classic&quot;}\">\n\t\t\t\t\t<div class=\"e-con-inner\">\n\t\t<div class=\"elementor-element elementor-element-f32b385 e-con-full e-flex e-con e-child\" data-id=\"f32b385\" data-element_type=\"container\">\n\t\t\t\t<div class=\"elementor-element elementor-element-fc08ea1 elementor-widget elementor-widget-heading\" data-id=\"fc08ea1\" data-element_type=\"widget\" data-widget_type=\"heading.default\">\n\t\t\t\t<div class=\"elementor-widget-container\">\n\t\t\t\t\t<h3 class=\"elementor-heading-title elementor-size-default\">Mission<\/h3>\t\t\t\t<\/div>\n\t\t\t\t<\/div>\n\t\t\t\t<div class=\"elementor-element elementor-element-35715a7 elementor-widget__width-initial elementor-widget elementor-widget-text-editor\" data-id=\"35715a7\" data-element_type=\"widget\" data-widget_type=\"text-editor.default\">\n\t\t\t\t<div class=\"elementor-widget-container\">\n\t\t\t\t\t\t\t\t\t<p>Develop flexible protection and storage solutions for agribusiness<\/p>\t\t\t\t\t\t\t\t<\/div>\n\t\t\t\t<\/div>\n\t\t\t\t<\/div>\n\t\t\t\t\t<\/div>\n\t\t\t\t<\/div>\n\t\t<div class=\"elementor-element elementor-element-0dd1799 e-flex e-con-boxed e-con e-parent\" data-id=\"0dd1799\" data-element_type=\"container\" data-settings=\"{&quot;background_background&quot;:&quot;classic&quot;}\">\n\t\t\t\t\t<div class=\"e-con-inner\">\n\t\t<div class=\"elementor-element elementor-element-5d5ba22 e-con-full e-flex e-con e-child\" data-id=\"5d5ba22\" data-element_type=\"container\">\n\t\t\t\t<div class=\"elementor-element elementor-element-0afc12b elementor-widget__width-initial elementor-widget elementor-widget-image\" data-id=\"0afc12b\" data-element_type=\"widget\" data-widget_type=\"image.default\">\n\t\t\t\t<div class=\"elementor-widget-container\">\n\t\t\t\t\t\t\t\t\t\t\t\t\t\t\t<img decoding=\"async\" width=\"162\" height=\"162\" src=\"https:\/\/extraplast.com.br\/wp-content\/uploads\/2025\/04\/Bullet.png\" class=\"attachment-large size-large wp-image-730\" alt=\"\" srcset=\"https:\/\/extraplast.com.br\/wp-content\/uploads\/2025\/04\/Bullet.png 162w, https:\/\/extraplast.com.br\/wp-content\/uploads\/2025\/04\/Bullet-150x150.png 150w\" sizes=\"(max-width: 162px) 100vw, 162px\" \/>\t\t\t\t\t\t\t\t\t\t\t\t\t\t\t<\/div>\n\t\t\t\t<\/div>\n\t\t\t\t<div class=\"elementor-element elementor-element-dd90151 elementor-widget elementor-widget-heading\" data-id=\"dd90151\" data-element_type=\"widget\" data-widget_type=\"heading.default\">\n\t\t\t\t<div class=\"elementor-widget-container\">\n\t\t\t\t\t<h3 class=\"elementor-heading-title elementor-size-default\">Differentials<\/h3>\t\t\t\t<\/div>\n\t\t\t\t<\/div>\n\t\t\t\t<div class=\"elementor-element elementor-element-2dd289f elementor-widget__width-initial elementor-widget elementor-widget-text-editor\" data-id=\"2dd289f\" data-element_type=\"widget\" data-widget_type=\"text-editor.default\">\n\t\t\t\t<div class=\"elementor-widget-container\">\n\t\t\t\t\t\t\t\t\t<p class=\"translation-block\">Personalized Service<br>Quality<br>Innovation<\/p>\t\t\t\t\t\t\t\t<\/div>\n\t\t\t\t<\/div>\n\t\t\t\t<\/div>\n\t\t<div class=\"elementor-element elementor-element-abd82cb e-con-full e-flex e-con e-child\" data-id=\"abd82cb\" data-element_type=\"container\">\n\t\t\t\t<div class=\"elementor-element elementor-element-1675952 elementor-widget__width-initial elementor-widget elementor-widget-image\" data-id=\"1675952\" data-element_type=\"widget\" data-widget_type=\"image.default\">\n\t\t\t\t<div class=\"elementor-widget-container\">\n\t\t\t\t\t\t\t\t\t\t\t\t\t\t\t<img decoding=\"async\" width=\"162\" height=\"162\" src=\"https:\/\/extraplast.com.br\/wp-content\/uploads\/2025\/04\/ddddd.png\" class=\"attachment-large size-large wp-image-731\" alt=\"\" srcset=\"https:\/\/extraplast.com.br\/wp-content\/uploads\/2025\/04\/ddddd.png 162w, https:\/\/extraplast.com.br\/wp-content\/uploads\/2025\/04\/ddddd-150x150.png 150w\" sizes=\"(max-width: 162px) 100vw, 162px\" \/>\t\t\t\t\t\t\t\t\t\t\t\t\t\t\t<\/div>\n\t\t\t\t<\/div>\n\t\t\t\t<div class=\"elementor-element elementor-element-41cffff elementor-widget elementor-widget-heading\" data-id=\"41cffff\" data-element_type=\"widget\" data-widget_type=\"heading.default\">\n\t\t\t\t<div class=\"elementor-widget-container\">\n\t\t\t\t\t<h2 class=\"elementor-heading-title elementor-size-default\">Values<\/h2>\t\t\t\t<\/div>\n\t\t\t\t<\/div>\n\t\t\t\t<div class=\"elementor-element elementor-element-771f904 elementor-widget__width-initial elementor-widget elementor-widget-text-editor\" data-id=\"771f904\" data-element_type=\"widget\" data-widget_type=\"text-editor.default\">\n\t\t\t\t<div class=\"elementor-widget-container\">\n\t\t\t\t\t\t\t\t\t<p class=\"translation-block\">Transparency<br>Collaboration<br>Quality<br>Creativity<br>Commitment to the Customer<\/p>\t\t\t\t\t\t\t\t<\/div>\n\t\t\t\t<\/div>\n\t\t\t\t<\/div>\n\t\t\t\t\t<\/div>\n\t\t\t\t<\/div>\n\t\t<div class=\"elementor-element elementor-element-e28fed4 e-con-full e-flex e-con e-parent\" data-id=\"e28fed4\" data-element_type=\"container\" data-settings=\"{&quot;background_background&quot;:&quot;classic&quot;}\">\n\t\t\t\t<div class=\"elementor-element elementor-element-b12c568 elementor-widget__width-initial elementor-widget elementor-widget-heading\" data-id=\"b12c568\" data-element_type=\"widget\" data-widget_type=\"heading.default\">\n\t\t\t\t<div class=\"elementor-widget-container\">\n\t\t\t\t\t<h2 class=\"elementor-heading-title elementor-size-default translation-block\">Protecting Crops, <b><br>Building a History<\/b><\/h2>\t\t\t\t<\/div>\n\t\t\t\t<\/div>\n\t\t\t\t<div class=\"elementor-element elementor-element-4aed65e elementor-widget__width-initial elementor-widget-mobile__width-initial elementor-invisible elementor-widget elementor-widget-image\" data-id=\"4aed65e\" data-element_type=\"widget\" data-settings=\"{&quot;_animation&quot;:&quot;fadeInUp&quot;}\" data-widget_type=\"image.default\">\n\t\t\t\t<div class=\"elementor-widget-container\">\n\t\t\t\t\t\t\t\t\t\t\t\t\t\t\t<img loading=\"lazy\" decoding=\"async\" width=\"1412\" height=\"1853\" src=\"https:\/\/extraplast.com.br\/wp-content\/uploads\/2025\/12\/timeline-extraplat-en.webp\" class=\"attachment-full size-full wp-image-4729\" alt=\"\" srcset=\"https:\/\/extraplast.com.br\/wp-content\/uploads\/2025\/12\/timeline-extraplat-en.webp 1412w, https:\/\/extraplast.com.br\/wp-content\/uploads\/2025\/12\/timeline-extraplat-en-229x300.webp 229w, https:\/\/extraplast.com.br\/wp-content\/uploads\/2025\/12\/timeline-extraplat-en-780x1024.webp 780w, https:\/\/extraplast.com.br\/wp-content\/uploads\/2025\/12\/timeline-extraplat-en-768x1008.webp 768w, https:\/\/extraplast.com.br\/wp-content\/uploads\/2025\/12\/timeline-extraplat-en-1170x1536.webp 1170w, https:\/\/extraplast.com.br\/wp-content\/uploads\/2025\/12\/timeline-extraplat-en-9x12.webp 9w\" sizes=\"(max-width: 1412px) 100vw, 1412px\" \/>\t\t\t\t\t\t\t\t\t\t\t\t\t\t\t<\/div>\n\t\t\t\t<\/div>\n\t\t\t\t<\/div>\n\t\t<div class=\"elementor-element elementor-element-1f8cb74 e-flex e-con-boxed e-con e-parent\" data-id=\"1f8cb74\" data-element_type=\"container\" data-settings=\"{&quot;background_background&quot;:&quot;classic&quot;}\">\n\t\t\t\t\t<div class=\"e-con-inner\">\n\t\t\t\t<div class=\"elementor-element elementor-element-8786f00 elementor-widget-laptop__width-initial elementor-widget-mobile__width-initial elementor-widget elementor-widget-image\" data-id=\"8786f00\" data-element_type=\"widget\" data-widget_type=\"image.default\">\n\t\t\t\t<div class=\"elementor-widget-container\">\n\t\t\t\t\t\t\t\t\t\t\t\t\t\t\t<img loading=\"lazy\" decoding=\"async\" width=\"167\" height=\"164\" src=\"https:\/\/extraplast.com.br\/wp-content\/uploads\/2025\/04\/Vector-Smart-Object.png\" class=\"attachment-large size-large wp-image-153\" alt=\"\" \/>\t\t\t\t\t\t\t\t\t\t\t\t\t\t\t<\/div>\n\t\t\t\t<\/div>\n\t\t\t\t<div class=\"elementor-element elementor-element-e83572e elementor-widget-laptop__width-initial elementor-widget elementor-widget-heading\" data-id=\"e83572e\" data-element_type=\"widget\" data-widget_type=\"heading.default\">\n\t\t\t\t<div class=\"elementor-widget-container\">\n\t\t\t\t\t<h2 class=\"elementor-heading-title elementor-size-default translation-block\">Now that you<br>already know our history,<br>\n<b>Let's Talk!<\/b><\/h2>\t\t\t\t<\/div>\n\t\t\t\t<\/div>\n\t\t\t\t<div class=\"elementor-element elementor-element-ca72e54 elementor-align-justify elementor-mobile-align-justify elementor-widget__width-initial elementor-widget-laptop__width-initial elementor-widget-mobile__width-inherit elementor-widget elementor-widget-button\" data-id=\"ca72e54\" data-element_type=\"widget\" data-widget_type=\"button.default\">\n\t\t\t\t<div class=\"elementor-widget-container\">\n\t\t\t\t\t\t\t\t\t<div class=\"elementor-button-wrapper\">\n\t\t\t\t\t<a class=\"elementor-button elementor-button-link elementor-size-sm elementor-animation-grow\" href=\"https:\/\/extraplast.com.br\/en\/contato\/\">\n\t\t\t\t\t\t<span class=\"elementor-button-content-wrapper\">\n\t\t\t\t\t\t\t\t\t<span class=\"elementor-button-text\">Contact Us<\/span>\n\t\t\t\t\t<\/span>\n\t\t\t\t\t<\/a>\n\t\t\t\t<\/div>\n\t\t\t\t\t\t\t\t<\/div>\n\t\t\t\t<\/div>\n\t\t\t\t\t<\/div>\n\t\t\t\t<\/div>\n\t\t\t\t<\/div>","protected":false},"excerpt":{"rendered":"<p>Paix\u00e3o e inova\u00e7\u00e3o no agro Somos uma empresa brasileira que nasceu com o prop\u00f3sito de transformar a ind\u00fastria do polietileno. Desde o in\u00edcio, especializamo-nos na cria\u00e7\u00e3o de sacos e filmes termoencolh\u00edveis, inovando em cada segmento que tocamos. Logo em nossa jornada, nos conectamos ao campo, desenvolvendo materiais que revolucionaram a forma de trabalhar com a [&hellip;]<\/p>","protected":false},"author":2,"featured_media":0,"parent":0,"menu_order":0,"comment_status":"closed","ping_status":"closed","template":"elementor_header_footer","meta":{"footnotes":""},"class_list":["post-721","page","type-page","status-publish","hentry"],"yoast_head":"<!-- This site is optimized with the Yoast SEO plugin v26.5 - https:\/\/yoast.com\/wordpress\/plugins\/seo\/ -->\n<title>Sobre - Extraplast<\/title>\n<meta name=\"description\" content=\"Empresa brasileira l\u00edder em filmes pl\u00e1sticos agr\u00edcolas. Qualidade, inova\u00e7\u00e3o e tecnologia para proteger cultivos e impulsionar o agroneg\u00f3cio.\" \/>\n<meta name=\"robots\" content=\"index, follow, max-snippet:-1, max-image-preview:large, max-video-preview:-1\" \/>\n<link rel=\"canonical\" href=\"https:\/\/extraplast.com.br\/en\/a-empresa\/\" \/>\n<meta property=\"og:locale\" content=\"en_US\" \/>\n<meta property=\"og:type\" content=\"article\" \/>\n<meta property=\"og:title\" content=\"Sobre - Extraplast\" \/>\n<meta property=\"og:description\" content=\"Empresa brasileira l\u00edder em filmes pl\u00e1sticos agr\u00edcolas. Qualidade, inova\u00e7\u00e3o e tecnologia para proteger cultivos e impulsionar o agroneg\u00f3cio.\" \/>\n<meta property=\"og:url\" content=\"https:\/\/extraplast.com.br\/en\/a-empresa\/\" \/>\n<meta property=\"og:site_name\" content=\"Extraplast\" \/>\n<meta property=\"article:modified_time\" content=\"2025-12-02T12:26:50+00:00\" \/>\n<meta property=\"og:image\" content=\"https:\/\/extraplast.com.br\/wp-content\/uploads\/2025\/12\/Selos-BR.webp\" \/>\n\t<meta property=\"og:image:width\" content=\"696\" \/>\n\t<meta property=\"og:image:height\" content=\"348\" \/>\n\t<meta property=\"og:image:type\" content=\"image\/webp\" \/>\n<meta name=\"twitter:card\" content=\"summary_large_image\" \/>\n<meta name=\"twitter:label1\" content=\"Est. reading time\" \/>\n\t<meta name=\"twitter:data1\" content=\"3 minutes\" \/>\n<script type=\"application\/ld+json\" class=\"yoast-schema-graph\">{\"@context\":\"https:\/\/schema.org\",\"@graph\":[{\"@type\":\"WebPage\",\"@id\":\"https:\/\/extraplast.com.br\/a-empresa\/\",\"url\":\"https:\/\/extraplast.com.br\/a-empresa\/\",\"name\":\"Sobre - Extraplast\",\"isPartOf\":{\"@id\":\"https:\/\/extraplast.com.br\/#website\"},\"primaryImageOfPage\":{\"@id\":\"https:\/\/extraplast.com.br\/a-empresa\/#primaryimage\"},\"image\":{\"@id\":\"https:\/\/extraplast.com.br\/a-empresa\/#primaryimage\"},\"thumbnailUrl\":\"https:\/\/extraplast.com.br\/wp-content\/uploads\/2025\/12\/Selos-BR.webp\",\"datePublished\":\"2025-04-07T01:15:38+00:00\",\"dateModified\":\"2025-12-02T12:26:50+00:00\",\"description\":\"Empresa brasileira l\u00edder em filmes pl\u00e1sticos agr\u00edcolas. Qualidade, inova\u00e7\u00e3o e tecnologia para proteger cultivos e impulsionar o agroneg\u00f3cio.\",\"breadcrumb\":{\"@id\":\"https:\/\/extraplast.com.br\/a-empresa\/#breadcrumb\"},\"inLanguage\":\"en-US\",\"potentialAction\":[{\"@type\":\"ReadAction\",\"target\":[\"https:\/\/extraplast.com.br\/a-empresa\/\"]}]},{\"@type\":\"ImageObject\",\"inLanguage\":\"en-US\",\"@id\":\"https:\/\/extraplast.com.br\/a-empresa\/#primaryimage\",\"url\":\"https:\/\/extraplast.com.br\/wp-content\/uploads\/2025\/12\/Selos-BR.webp\",\"contentUrl\":\"https:\/\/extraplast.com.br\/wp-content\/uploads\/2025\/12\/Selos-BR.webp\"},{\"@type\":\"BreadcrumbList\",\"@id\":\"https:\/\/extraplast.com.br\/a-empresa\/#breadcrumb\",\"itemListElement\":[{\"@type\":\"ListItem\",\"position\":1,\"name\":\"In\u00edcio\",\"item\":\"https:\/\/extraplast.com.br\/\"},{\"@type\":\"ListItem\",\"position\":2,\"name\":\"Sobre\"}]},{\"@type\":\"WebSite\",\"@id\":\"https:\/\/extraplast.com.br\/#website\",\"url\":\"https:\/\/extraplast.com.br\/\",\"name\":\"Extraplast\",\"description\":\"\",\"publisher\":{\"@id\":\"https:\/\/extraplast.com.br\/#organization\"},\"potentialAction\":[{\"@type\":\"SearchAction\",\"target\":{\"@type\":\"EntryPoint\",\"urlTemplate\":\"https:\/\/extraplast.com.br\/?s={search_term_string}\"},\"query-input\":{\"@type\":\"PropertyValueSpecification\",\"valueRequired\":true,\"valueName\":\"search_term_string\"}}],\"inLanguage\":\"en-US\"},{\"@type\":\"Organization\",\"@id\":\"https:\/\/extraplast.com.br\/#organization\",\"name\":\"Extraplast\",\"url\":\"https:\/\/extraplast.com.br\/\",\"logo\":{\"@type\":\"ImageObject\",\"inLanguage\":\"en-US\",\"@id\":\"https:\/\/extraplast.com.br\/#\/schema\/logo\/image\/\",\"url\":\"https:\/\/extraplast.com.br\/wp-content\/uploads\/2025\/04\/Logo-Extraplast.png\",\"contentUrl\":\"https:\/\/extraplast.com.br\/wp-content\/uploads\/2025\/04\/Logo-Extraplast.png\",\"width\":298,\"height\":75,\"caption\":\"Extraplast\"},\"image\":{\"@id\":\"https:\/\/extraplast.com.br\/#\/schema\/logo\/image\/\"}}]}<\/script>\n<!-- \/ Yoast SEO plugin. -->","yoast_head_json":{"title":"Sobre - Extraplast","description":"Empresa brasileira l\u00edder em filmes pl\u00e1sticos agr\u00edcolas. Qualidade, inova\u00e7\u00e3o e tecnologia para proteger cultivos e impulsionar o agroneg\u00f3cio.","robots":{"index":"index","follow":"follow","max-snippet":"max-snippet:-1","max-image-preview":"max-image-preview:large","max-video-preview":"max-video-preview:-1"},"canonical":"https:\/\/extraplast.com.br\/en\/a-empresa\/","og_locale":"en_US","og_type":"article","og_title":"Sobre - Extraplast","og_description":"Empresa brasileira l\u00edder em filmes pl\u00e1sticos agr\u00edcolas. Qualidade, inova\u00e7\u00e3o e tecnologia para proteger cultivos e impulsionar o agroneg\u00f3cio.","og_url":"https:\/\/extraplast.com.br\/en\/a-empresa\/","og_site_name":"Extraplast","article_modified_time":"2025-12-02T12:26:50+00:00","og_image":[{"width":696,"height":348,"url":"https:\/\/extraplast.com.br\/wp-content\/uploads\/2025\/12\/Selos-BR.webp","type":"image\/webp"}],"twitter_card":"summary_large_image","twitter_misc":{"Est. reading time":"3 minutes"},"schema":{"@context":"https:\/\/schema.org","@graph":[{"@type":"WebPage","@id":"https:\/\/extraplast.com.br\/a-empresa\/","url":"https:\/\/extraplast.com.br\/a-empresa\/","name":"Sobre - Extraplast","isPartOf":{"@id":"https:\/\/extraplast.com.br\/#website"},"primaryImageOfPage":{"@id":"https:\/\/extraplast.com.br\/a-empresa\/#primaryimage"},"image":{"@id":"https:\/\/extraplast.com.br\/a-empresa\/#primaryimage"},"thumbnailUrl":"https:\/\/extraplast.com.br\/wp-content\/uploads\/2025\/12\/Selos-BR.webp","datePublished":"2025-04-07T01:15:38+00:00","dateModified":"2025-12-02T12:26:50+00:00","description":"Empresa brasileira l\u00edder em filmes pl\u00e1sticos agr\u00edcolas. Qualidade, inova\u00e7\u00e3o e tecnologia para proteger cultivos e impulsionar o agroneg\u00f3cio.","breadcrumb":{"@id":"https:\/\/extraplast.com.br\/a-empresa\/#breadcrumb"},"inLanguage":"en-US","potentialAction":[{"@type":"ReadAction","target":["https:\/\/extraplast.com.br\/a-empresa\/"]}]},{"@type":"ImageObject","inLanguage":"en-US","@id":"https:\/\/extraplast.com.br\/a-empresa\/#primaryimage","url":"https:\/\/extraplast.com.br\/wp-content\/uploads\/2025\/12\/Selos-BR.webp","contentUrl":"https:\/\/extraplast.com.br\/wp-content\/uploads\/2025\/12\/Selos-BR.webp"},{"@type":"BreadcrumbList","@id":"https:\/\/extraplast.com.br\/a-empresa\/#breadcrumb","itemListElement":[{"@type":"ListItem","position":1,"name":"In\u00edcio","item":"https:\/\/extraplast.com.br\/"},{"@type":"ListItem","position":2,"name":"Sobre"}]},{"@type":"WebSite","@id":"https:\/\/extraplast.com.br\/#website","url":"https:\/\/extraplast.com.br\/","name":"Extraplast","description":"","publisher":{"@id":"https:\/\/extraplast.com.br\/#organization"},"potentialAction":[{"@type":"SearchAction","target":{"@type":"EntryPoint","urlTemplate":"https:\/\/extraplast.com.br\/?s={search_term_string}"},"query-input":{"@type":"PropertyValueSpecification","valueRequired":true,"valueName":"search_term_string"}}],"inLanguage":"en-US"},{"@type":"Organization","@id":"https:\/\/extraplast.com.br\/#organization","name":"Extraplast","url":"https:\/\/extraplast.com.br\/","logo":{"@type":"ImageObject","inLanguage":"en-US","@id":"https:\/\/extraplast.com.br\/#\/schema\/logo\/image\/","url":"https:\/\/extraplast.com.br\/wp-content\/uploads\/2025\/04\/Logo-Extraplast.png","contentUrl":"https:\/\/extraplast.com.br\/wp-content\/uploads\/2025\/04\/Logo-Extraplast.png","width":298,"height":75,"caption":"Extraplast"},"image":{"@id":"https:\/\/extraplast.com.br\/#\/schema\/logo\/image\/"}}]}},"_links":{"self":[{"href":"https:\/\/extraplast.com.br\/en\/wp-json\/wp\/v2\/pages\/721","targetHints":{"allow":["GET"]}}],"collection":[{"href":"https:\/\/extraplast.com.br\/en\/wp-json\/wp\/v2\/pages"}],"about":[{"href":"https:\/\/extraplast.com.br\/en\/wp-json\/wp\/v2\/types\/page"}],"author":[{"embeddable":true,"href":"https:\/\/extraplast.com.br\/en\/wp-json\/wp\/v2\/users\/2"}],"replies":[{"embeddable":true,"href":"https:\/\/extraplast.com.br\/en\/wp-json\/wp\/v2\/comments?post=721"}],"version-history":[{"count":176,"href":"https:\/\/extraplast.com.br\/en\/wp-json\/wp\/v2\/pages\/721\/revisions"}],"predecessor-version":[{"id":5858,"href":"https:\/\/extraplast.com.br\/en\/wp-json\/wp\/v2\/pages\/721\/revisions\/5858"}],"wp:attachment":[{"href":"https:\/\/extraplast.com.br\/en\/wp-json\/wp\/v2\/media?parent=721"}],"curies":[{"name":"wp","href":"https:\/\/api.w.org\/{rel}","templated":true}]}}