{"id":793,"date":"2025-04-07T13:24:30","date_gmt":"2025-04-07T13:24:30","guid":{"rendered":"https:\/\/new.extraplast.com.br\/?page_id=793"},"modified":"2025-10-12T20:31:57","modified_gmt":"2025-10-12T20:31:57","slug":"representantes","status":"publish","type":"page","link":"https:\/\/extraplast.com.br\/en\/representantes\/","title":{"rendered":"Representantes"},"content":{"rendered":"<div data-elementor-type=\"wp-page\" data-elementor-id=\"793\" class=\"elementor elementor-793\" data-elementor-post-type=\"page\">\n\t\t\t\t<div class=\"elementor-element elementor-element-2ae5d12 e-flex e-con-boxed e-con e-parent\" data-id=\"2ae5d12\" data-element_type=\"container\" data-settings=\"{&quot;background_background&quot;:&quot;slideshow&quot;,&quot;background_slideshow_gallery&quot;:[{&quot;id&quot;:2956,&quot;url&quot;:&quot;https:\\\/\\\/new.extraplast.com.br\\\/wp-content\\\/uploads\\\/2025\\\/04\\\/representante-extraplast-1.jpg&quot;},{&quot;id&quot;:3340,&quot;url&quot;:&quot;https:\\\/\\\/new.extraplast.com.br\\\/wp-content\\\/uploads\\\/2025\\\/04\\\/representante-extraplast-2.jpg&quot;}],&quot;background_slideshow_slide_duration&quot;:10000,&quot;background_slideshow_transition_duration&quot;:2000,&quot;background_slideshow_ken_burns&quot;:&quot;yes&quot;,&quot;background_slideshow_loop&quot;:&quot;yes&quot;,&quot;background_slideshow_slide_transition&quot;:&quot;fade&quot;,&quot;background_slideshow_ken_burns_zoom_direction&quot;:&quot;in&quot;}\">\n\t\t\t\t\t<div class=\"e-con-inner\">\n\t\t\t\t<div class=\"elementor-element elementor-element-0e72c9e elementor-widget__width-initial elementor-invisible elementor-widget elementor-widget-heading\" data-id=\"0e72c9e\" data-element_type=\"widget\" data-settings=\"{&quot;_animation&quot;:&quot;fadeInLeft&quot;}\" data-widget_type=\"heading.default\">\n\t\t\t\t<div class=\"elementor-widget-container\">\n\t\t\t\t\t<h2 class=\"elementor-heading-title elementor-size-default translation-block\">Find an <br><b>Extraplast<br>\nUnit<\/b> <br>\nnear you!<\/h2>\t\t\t\t<\/div>\n\t\t\t\t<\/div>\n\t\t\t\t\t<\/div>\n\t\t\t\t<\/div>\n\t\t<div class=\"elementor-element elementor-element-d709265 elementor-hidden-desktop elementor-hidden-laptop elementor-hidden-tablet elementor-hidden-mobile e-flex e-con-boxed e-con e-parent\" data-id=\"d709265\" data-element_type=\"container\" data-settings=\"{&quot;background_background&quot;:&quot;slideshow&quot;,&quot;background_slideshow_gallery&quot;:[{&quot;id&quot;:2956,&quot;url&quot;:&quot;https:\\\/\\\/new.extraplast.com.br\\\/wp-content\\\/uploads\\\/2025\\\/04\\\/representante-extraplast-1.jpg&quot;},{&quot;id&quot;:3340,&quot;url&quot;:&quot;https:\\\/\\\/new.extraplast.com.br\\\/wp-content\\\/uploads\\\/2025\\\/04\\\/representante-extraplast-2.jpg&quot;}],&quot;background_slideshow_slide_duration&quot;:10000,&quot;background_slideshow_transition_duration&quot;:2000,&quot;background_slideshow_ken_burns&quot;:&quot;yes&quot;,&quot;background_slideshow_loop&quot;:&quot;yes&quot;,&quot;background_slideshow_slide_transition&quot;:&quot;fade&quot;,&quot;background_slideshow_ken_burns_zoom_direction&quot;:&quot;in&quot;}\">\n\t\t\t\t\t<div class=\"e-con-inner\">\n\t\t\t\t<div class=\"elementor-element elementor-element-7ac65d8 elementor-widget__width-initial elementor-invisible elementor-widget elementor-widget-heading\" data-id=\"7ac65d8\" data-element_type=\"widget\" data-settings=\"{&quot;_animation&quot;:&quot;fadeInLeft&quot;}\" data-widget_type=\"heading.default\">\n\t\t\t\t<div class=\"elementor-widget-container\">\n\t\t\t\t\t<h2 class=\"elementor-heading-title elementor-size-default\">Encontre um <br><b>Representante <br>\nExtraplast<\/b> <br>\nperto de voc\u00ea!<\/h2>\t\t\t\t<\/div>\n\t\t\t\t<\/div>\n\t\t\t\t\t<\/div>\n\t\t\t\t<\/div>\n\t\t<div class=\"elementor-element elementor-element-57325f8 e-flex e-con-boxed e-con e-parent\" data-id=\"57325f8\" data-element_type=\"container\" data-settings=\"{&quot;background_background&quot;:&quot;classic&quot;}\">\n\t\t\t\t\t<div class=\"e-con-inner\">\n\t\t\t\t<div class=\"elementor-element elementor-element-55f6d2f elementor-widget__width-initial elementor-widget-mobile__width-initial elementor-widget elementor-widget-text-editor\" data-id=\"55f6d2f\" data-element_type=\"widget\" data-widget_type=\"text-editor.default\">\n\t\t\t\t<div class=\"elementor-widget-container\">\n\t\t\t\t\t\t\t\t\t<p>We are present in several regions, ensuring that our customers have specialized support and quick access to our agribusiness solutions.&nbsp;<\/p>\n<p class=\"translation-block\"><b>Use the map below to locate<\/b> <b>the nearest unit.<\/b><\/p>\n<div>&nbsp;<\/div>\t\t\t\t\t\t\t\t<\/div>\n\t\t\t\t<\/div>\n\t\t\t\t<div class=\"elementor-element elementor-element-7bcc0b0 elementor-widget elementor-widget-shortcode\" data-id=\"7bcc0b0\" data-element_type=\"widget\" data-widget_type=\"shortcode.default\">\n\t\t\t\t<div class=\"elementor-widget-container\">\n\t\t\t\t\t\t\t<div class=\"elementor-shortcode\"><style type=\"text\/css\">\n.asl-p-cont .asl-print-btn,.asl-cont .asl-print-btn {display: none !important;}.asl-cont .onoffswitch .onoffswitch-label .onoffswitch-switch:before {\n    content: \"OPEN\" !important;\n}\n\n.asl-cont .onoffswitch .onoffswitch-label .onoffswitch-switch:after {\n    content: \"ALL\" !important;\n}\n\n@media (max-width: 767px) {\n    #asl-storelocator.asl-cont .asl-panel {\n        order: 0;\n    }\n}\n\n.asl-cont.sl-search-only .Filter_section+.sl-row {\n    display: none;\n}\n\n.asl-cont .sl-hide-branches,\n.asl-cont .sl-hide-branches:hover {\n    color: #FFF !important;\n    text-decoration: none !important;\n    cursor: pointer;\n}\n<\/style>\n<div id=\"asl-storelocator\"\n    class=\"storelocator-main asl-cont asl-template-0 asl-layout-0 asl-bg-6 full-width no-asl-filters  asl-text-1\">\n    <div class=\"asl-wrapper\">\n        <div class=\"sl-container-fluid\">\n\n                        <div class=\"sl-row\">\n                <div class=\"pol-12\">\n                    <div class=\"sl-main-cont\">\n                        <div class=\"sl-row no-gutters sl-main-row\">\n                            <div id=\"asl-panel\" class=\"asl-panel pol-md-5 pol-lg-4 asl_locator-panel\">\n                                <div class=\"asl-overlay\" id=\"map-loading\">\n                                    <div class=\"white\"><\/div>\n                                    <div class=\"sl-loading\">\n                                        <i class=\"animate-sl-spin icon-spin3\"><\/i>\n                                        Loading...                                    <\/div>\n                                <\/div>\n                                <div class=\"inside search_filter\">\n                                    <label for=\"auto-complete-search\"\n                                        class=\"mb-2\">Search Location<\/label>\n                                    <div class=\"asl-store-search input-group d-flex\">\n                                        <input type=\"text\" value=\"\" id=\"auto-complete-search\"\n                                            class=\"asl-search-address form-control\"\n                                            placeholder=\"Enter a Location\">\n                                        <div class=\"input-group-append\">\n                                            <button aria-label=\"Search Location\"\n                                                title=\"Search Location\" type=\"button\" class=\"asl-search-event input-group-text span-geo\">\n                                                <i class=\"icon-search\" aria-hidden=\"true\"><\/i>\n                                            <\/button>\n                                        <\/div>\n                                    <\/div>\n                                <\/div>\n                                <!-- list -->\n                                <div class=\"asl-panel-inner\">\n                                    <div class=\"top-title Num_of_store\">\n                                        <span><span\n                                                class=\"sl-head-title\">Number Of Shops<\/span>:\n                                            <span class=\"count-result\">0<\/span><\/span>\n                                                                                <a class=\"asl-print-btn\"><span>PRINT<\/span><span\n                                                class=\"asl-print\"><\/span><\/a>\n                                                                            <\/div>\n                                    <div class=\"sl-main-cont-box\">\n                                        <div id=\"asl-list\" class=\"sl-list-wrapper\">\n                                            <ul id=\"p-statelist\" class=\"sl-list\">\n                                            <\/ul>\n                                        <\/div>\n                                    <\/div>\n                                <\/div>\n\n                                <div class=\"directions-cont hide\">\n                                    <div class=\"agile-modal-header\">\n                                        <button type=\"button\" class=\"close\"><span aria-hidden=\"true\">\u00d7<\/span><\/button>\n                                        <h4>Store Direction<\/h4>\n                                    <\/div>\n                                    <div class=\"rendered-directions\" id=\"asl-rendered-dir\" style=\"direction: ltr;\">\n                                    <\/div>\n                                <\/div>\n                            <\/div>\n                            <div class=\"pol-md-7 pol-lg-8 asl-map\">\n                                <div class=\"map-image\">\n                                    <div id=\"asl-map-canv\" class=\"asl-map-canv\"><\/div>\n                                    <div id=\"agile-modal-direction\" class=\"agile-modal fade\">\n    <div class=\"agile-modal-backdrop-in\"><\/div>\n    <div class=\"agile-modal-dialog in\">\n        <div class=\"agile-modal-content\">\n            <div class=\"sl-form-group d-flex justify-content-between\">\n                <h4>GET DIRECTIONS<\/h4>\n                <button type=\"button\" class=\"close-directions sl-close\" data-dismiss=\"agile-modal\"\n                    aria-label=\"Close\">&times;<\/button>\n            <\/div>\n            <div class=\"sl-form-group\">\n                <label for=\"frm-lbl\">From:<\/label>\n                <input type=\"text\" class=\"form-control frm-place\" id=\"frm-lbl\"\n                    placeholder=\"Enter a Location\">\n            <\/div>\n            <div class=\"sl-form-group\">\n                <label for=\"to-lbl\">To:<\/label>\n                <input readonly=\"true\" type=\"text\" class=\"directions-to form-control\" id=\"to-lbl\"\n                    placeholder=\"Prepopulated Destination Address\">\n            <\/div>\n            <div class=\"sl-form-group mb-0\">\n                <label for=\"rbtn-km\" class=\"checkbox-inline\">\n                    <input type=\"radio\" name=\"dist-type\" id=\"rbtn-km\" value=\"0\"> Km                <\/label>\n                <label for=\"rbtn-mile\" class=\"checkbox-inline\">\n                    <input type=\"radio\" name=\"dist-type\" checked id=\"rbtn-mile\" value=\"1\">\n                    Miles                <\/label>\n            <\/div>\n            <div class=\"sl-form-group mb-0\">\n                <button type=\"submit\" aria-label=\"GET DIRECTIONS\"\n                    class=\"btn btn-default btn-submit\">GET DIRECTIONS<\/button>\n            <\/div>\n        <\/div>\n    <\/div>\n<\/div>\n\n<div id=\"asl-geolocation-agile-modal\" class=\"agile-modal fade\">\n    <div class=\"agile-modal-backdrop-in\"><\/div>\n    <div class=\"agile-modal-dialog in\">\n        <div class=\"agile-modal-content\">\n                        <button type=\"button\" class=\"close-directions sl-close\" data-dismiss=\"agile-modal\"\n                  aria-label=\"Close\"><i class=\"icon-cancel-1\"><\/i><\/button>\n            <div class=\"sl-form-group sl-icon-group\">\n                <div class=\"sl-loct-icon\">\n                    <svg xmlns=\"http:\/\/www.w3.org\/2000\/svg\" width=\"28\" height=\"28\" viewbox=\"0 0 24 24\" fill=\"none\"\n                        stroke=\"currentColor\" stroke-width=\"2\" stroke-linecap=\"round\" stroke-linejoin=\"round\">\n                        <path\n                            d=\"M20 10c0 4.993-5.539 10.193-7.399 11.799a1 1 0 0 1-1.202 0C9.539 20.193 4 14.993 4 10a8 8 0 0 1 16 0\">\n                        <\/path>\n                        <circle cx=\"12\" cy=\"10\" r=\"3\"><\/circle>\n                    <\/svg>\n                <\/div>\n                <h2>Find Nearby Service Providers<\/h2>\n                <h5>Use my location to find the closest Service Provider near me<\/h5>\n            <\/div>\n            <div class=\"sl-form-group text-center mb-0\">\n                <button type=\"button\" id=\"asl-btn-geolocation\"\n                    class=\"btn btn-block btn-default\">USE LOCATION<\/button>\n            <\/div>\n                    <\/div>\n    <\/div>\n<\/div>\n\n<div id=\"asl-desc-agile-modal\" class=\"agile-modal fade\">\n    <div class=\"agile-modal-backdrop-in\"><\/div>\n    <div class=\"agile-modal-dialog in\">\n        <div class=\"agile-modal-content\">\n            <div class=\"sl-row\">\n                <div class=\"pol-md-12\">\n                    <div class=\"sl-form-group d-flex justify-content-between\">\n                        <h4 class=\"sl-title\">View Description<\/h4>\n                        <button type=\"button\" class=\"close-directions sl-close\" data-dismiss=\"agile-modal\"\n                            aria-label=\"Close\">&times;<\/button>\n                    <\/div>\n                    <div class=\"sl-desc\"><\/div>\n                <\/div>\n            <\/div>\n        <\/div>\n    <\/div>\n<\/div>                                <\/div>\n                            <\/div>\n                        <\/div>\n                    <\/div>\n                <\/div>\n            <\/div>\n        <\/div>\n    <\/div>\n<\/div>\n<!-- This plugin is developed by \"Agile Store Locator for WordPress\" https:\/\/agilestorelocator.com --><\/div>\n\t\t\t\t\t\t<\/div>\n\t\t\t\t<\/div>\n\t\t\t\t\t<\/div>\n\t\t\t\t<\/div>\n\t\t<div class=\"elementor-element elementor-element-29d0e87 e-flex e-con-boxed e-con e-parent\" data-id=\"29d0e87\" data-element_type=\"container\" data-settings=\"{&quot;background_background&quot;:&quot;classic&quot;}\">\n\t\t\t\t\t<div class=\"e-con-inner\">\n\t\t\t\t<div class=\"elementor-element elementor-element-172b485 elementor-widget-laptop__width-initial elementor-widget-mobile__width-initial elementor-widget elementor-widget-image\" data-id=\"172b485\" data-element_type=\"widget\" data-widget_type=\"image.default\">\n\t\t\t\t<div class=\"elementor-widget-container\">\n\t\t\t\t\t\t\t\t\t\t\t\t\t\t\t<img decoding=\"async\" width=\"167\" height=\"164\" src=\"https:\/\/extraplast.com.br\/wp-content\/uploads\/2025\/04\/Vector-Smart-Object.png\" class=\"attachment-large size-large wp-image-153\" alt=\"\" \/>\t\t\t\t\t\t\t\t\t\t\t\t\t\t\t<\/div>\n\t\t\t\t<\/div>\n\t\t\t\t<div class=\"elementor-element elementor-element-bf28050 elementor-widget-laptop__width-initial elementor-widget elementor-widget-heading\" data-id=\"bf28050\" data-element_type=\"widget\" data-widget_type=\"heading.default\">\n\t\t\t\t<div class=\"elementor-widget-container\">\n\t\t\t\t\t<h2 class=\"elementor-heading-title elementor-size-default translation-block\">Talk to our<br>\n<b>Specialists!<\/b><\/h2>\t\t\t\t<\/div>\n\t\t\t\t<\/div>\n\t\t\t\t<div class=\"elementor-element elementor-element-6611019 elementor-align-justify elementor-mobile-align-justify elementor-widget__width-initial elementor-widget-laptop__width-initial elementor-widget-mobile__width-inherit elementor-widget elementor-widget-button\" data-id=\"6611019\" data-element_type=\"widget\" data-widget_type=\"button.default\">\n\t\t\t\t<div class=\"elementor-widget-container\">\n\t\t\t\t\t\t\t\t\t<div class=\"elementor-button-wrapper\">\n\t\t\t\t\t<a class=\"elementor-button elementor-button-link elementor-size-sm elementor-animation-grow\" href=\"https:\/\/extraplast.com.br\/en\/contato\/\">\n\t\t\t\t\t\t<span class=\"elementor-button-content-wrapper\">\n\t\t\t\t\t\t\t\t\t<span class=\"elementor-button-text\">Get in touch<\/span>\n\t\t\t\t\t<\/span>\n\t\t\t\t\t<\/a>\n\t\t\t\t<\/div>\n\t\t\t\t\t\t\t\t<\/div>\n\t\t\t\t<\/div>\n\t\t\t\t\t<\/div>\n\t\t\t\t<\/div>\n\t\t\t\t<\/div>","protected":false},"excerpt":{"rendered":"<p>Encontre uma Unidade Extraplast perto de voc\u00ea! Encontre um Representante Extraplast perto de voc\u00ea! Estamos presentes em diversas regi\u00f5es, garantindo que nossos clientes tenham suporte especializado e acesso r\u00e1pido \u00e0s nossas solu\u00e7\u00f5es para o agroneg\u00f3cio.&nbsp; Utilize o mapa abaixo para localizar a unidade mais pr\u00f3xima. &nbsp; Fale com nossos Especialistas! Entre em contato<\/p>","protected":false},"author":2,"featured_media":0,"parent":0,"menu_order":0,"comment_status":"closed","ping_status":"closed","template":"","meta":{"footnotes":""},"class_list":["post-793","page","type-page","status-publish","hentry"],"yoast_head":"<!-- This site is optimized with the Yoast SEO plugin v26.5 - https:\/\/yoast.com\/wordpress\/plugins\/seo\/ -->\n<title>Representantes - Extraplast<\/title>\n<meta name=\"description\" content=\"Encontre representantes Extraplast em todo o Brasil. Atendimento t\u00e9cnico e solu\u00e7\u00f5es agr\u00edcolas com qualidade para produtividade no campo.\" \/>\n<meta name=\"robots\" content=\"index, follow, max-snippet:-1, max-image-preview:large, max-video-preview:-1\" \/>\n<link rel=\"canonical\" href=\"https:\/\/extraplast.com.br\/en\/representantes\/\" \/>\n<meta property=\"og:locale\" content=\"en_US\" \/>\n<meta property=\"og:type\" content=\"article\" \/>\n<meta property=\"og:title\" content=\"Representantes - Extraplast\" \/>\n<meta property=\"og:description\" content=\"Encontre representantes Extraplast em todo o Brasil. Atendimento t\u00e9cnico e solu\u00e7\u00f5es agr\u00edcolas com qualidade para produtividade no campo.\" \/>\n<meta property=\"og:url\" content=\"https:\/\/extraplast.com.br\/en\/representantes\/\" \/>\n<meta property=\"og:site_name\" content=\"Extraplast\" \/>\n<meta property=\"article:modified_time\" content=\"2025-10-12T20:31:57+00:00\" \/>\n<meta property=\"og:image\" content=\"https:\/\/extraplast.com.br\/wp-content\/uploads\/2025\/04\/Vector-Smart-Object.png\" \/>\n\t<meta property=\"og:image:width\" content=\"167\" \/>\n\t<meta property=\"og:image:height\" content=\"164\" \/>\n\t<meta property=\"og:image:type\" content=\"image\/png\" \/>\n<meta name=\"twitter:card\" content=\"summary_large_image\" \/>\n<meta name=\"twitter:label1\" content=\"Est. reading time\" \/>\n\t<meta name=\"twitter:data1\" content=\"1 minute\" \/>\n<script type=\"application\/ld+json\" class=\"yoast-schema-graph\">{\"@context\":\"https:\/\/schema.org\",\"@graph\":[{\"@type\":\"WebPage\",\"@id\":\"https:\/\/extraplast.com.br\/representantes\/\",\"url\":\"https:\/\/extraplast.com.br\/representantes\/\",\"name\":\"Representantes - Extraplast\",\"isPartOf\":{\"@id\":\"https:\/\/extraplast.com.br\/#website\"},\"primaryImageOfPage\":{\"@id\":\"https:\/\/extraplast.com.br\/representantes\/#primaryimage\"},\"image\":{\"@id\":\"https:\/\/extraplast.com.br\/representantes\/#primaryimage\"},\"thumbnailUrl\":\"https:\/\/extraplast.com.br\/wp-content\/uploads\/2025\/04\/Vector-Smart-Object.png\",\"datePublished\":\"2025-04-07T13:24:30+00:00\",\"dateModified\":\"2025-10-12T20:31:57+00:00\",\"description\":\"Encontre representantes Extraplast em todo o Brasil. Atendimento t\u00e9cnico e solu\u00e7\u00f5es agr\u00edcolas com qualidade para produtividade no campo.\",\"breadcrumb\":{\"@id\":\"https:\/\/extraplast.com.br\/representantes\/#breadcrumb\"},\"inLanguage\":\"en-US\",\"potentialAction\":[{\"@type\":\"ReadAction\",\"target\":[\"https:\/\/extraplast.com.br\/representantes\/\"]}]},{\"@type\":\"ImageObject\",\"inLanguage\":\"en-US\",\"@id\":\"https:\/\/extraplast.com.br\/representantes\/#primaryimage\",\"url\":\"https:\/\/extraplast.com.br\/wp-content\/uploads\/2025\/04\/Vector-Smart-Object.png\",\"contentUrl\":\"https:\/\/extraplast.com.br\/wp-content\/uploads\/2025\/04\/Vector-Smart-Object.png\"},{\"@type\":\"BreadcrumbList\",\"@id\":\"https:\/\/extraplast.com.br\/representantes\/#breadcrumb\",\"itemListElement\":[{\"@type\":\"ListItem\",\"position\":1,\"name\":\"In\u00edcio\",\"item\":\"https:\/\/extraplast.com.br\/\"},{\"@type\":\"ListItem\",\"position\":2,\"name\":\"Representantes\"}]},{\"@type\":\"WebSite\",\"@id\":\"https:\/\/extraplast.com.br\/#website\",\"url\":\"https:\/\/extraplast.com.br\/\",\"name\":\"Extraplast\",\"description\":\"\",\"publisher\":{\"@id\":\"https:\/\/extraplast.com.br\/#organization\"},\"potentialAction\":[{\"@type\":\"SearchAction\",\"target\":{\"@type\":\"EntryPoint\",\"urlTemplate\":\"https:\/\/extraplast.com.br\/?s={search_term_string}\"},\"query-input\":{\"@type\":\"PropertyValueSpecification\",\"valueRequired\":true,\"valueName\":\"search_term_string\"}}],\"inLanguage\":\"en-US\"},{\"@type\":\"Organization\",\"@id\":\"https:\/\/extraplast.com.br\/#organization\",\"name\":\"Extraplast\",\"url\":\"https:\/\/extraplast.com.br\/\",\"logo\":{\"@type\":\"ImageObject\",\"inLanguage\":\"en-US\",\"@id\":\"https:\/\/extraplast.com.br\/#\/schema\/logo\/image\/\",\"url\":\"https:\/\/extraplast.com.br\/wp-content\/uploads\/2025\/04\/Logo-Extraplast.png\",\"contentUrl\":\"https:\/\/extraplast.com.br\/wp-content\/uploads\/2025\/04\/Logo-Extraplast.png\",\"width\":298,\"height\":75,\"caption\":\"Extraplast\"},\"image\":{\"@id\":\"https:\/\/extraplast.com.br\/#\/schema\/logo\/image\/\"}}]}<\/script>\n<!-- \/ Yoast SEO plugin. -->","yoast_head_json":{"title":"Representantes - Extraplast","description":"Encontre representantes Extraplast em todo o Brasil. Atendimento t\u00e9cnico e solu\u00e7\u00f5es agr\u00edcolas com qualidade para produtividade no campo.","robots":{"index":"index","follow":"follow","max-snippet":"max-snippet:-1","max-image-preview":"max-image-preview:large","max-video-preview":"max-video-preview:-1"},"canonical":"https:\/\/extraplast.com.br\/en\/representantes\/","og_locale":"en_US","og_type":"article","og_title":"Representantes - Extraplast","og_description":"Encontre representantes Extraplast em todo o Brasil. Atendimento t\u00e9cnico e solu\u00e7\u00f5es agr\u00edcolas com qualidade para produtividade no campo.","og_url":"https:\/\/extraplast.com.br\/en\/representantes\/","og_site_name":"Extraplast","article_modified_time":"2025-10-12T20:31:57+00:00","og_image":[{"width":167,"height":164,"url":"https:\/\/extraplast.com.br\/wp-content\/uploads\/2025\/04\/Vector-Smart-Object.png","type":"image\/png"}],"twitter_card":"summary_large_image","twitter_misc":{"Est. reading time":"1 minute"},"schema":{"@context":"https:\/\/schema.org","@graph":[{"@type":"WebPage","@id":"https:\/\/extraplast.com.br\/representantes\/","url":"https:\/\/extraplast.com.br\/representantes\/","name":"Representantes - Extraplast","isPartOf":{"@id":"https:\/\/extraplast.com.br\/#website"},"primaryImageOfPage":{"@id":"https:\/\/extraplast.com.br\/representantes\/#primaryimage"},"image":{"@id":"https:\/\/extraplast.com.br\/representantes\/#primaryimage"},"thumbnailUrl":"https:\/\/extraplast.com.br\/wp-content\/uploads\/2025\/04\/Vector-Smart-Object.png","datePublished":"2025-04-07T13:24:30+00:00","dateModified":"2025-10-12T20:31:57+00:00","description":"Encontre representantes Extraplast em todo o Brasil. Atendimento t\u00e9cnico e solu\u00e7\u00f5es agr\u00edcolas com qualidade para produtividade no campo.","breadcrumb":{"@id":"https:\/\/extraplast.com.br\/representantes\/#breadcrumb"},"inLanguage":"en-US","potentialAction":[{"@type":"ReadAction","target":["https:\/\/extraplast.com.br\/representantes\/"]}]},{"@type":"ImageObject","inLanguage":"en-US","@id":"https:\/\/extraplast.com.br\/representantes\/#primaryimage","url":"https:\/\/extraplast.com.br\/wp-content\/uploads\/2025\/04\/Vector-Smart-Object.png","contentUrl":"https:\/\/extraplast.com.br\/wp-content\/uploads\/2025\/04\/Vector-Smart-Object.png"},{"@type":"BreadcrumbList","@id":"https:\/\/extraplast.com.br\/representantes\/#breadcrumb","itemListElement":[{"@type":"ListItem","position":1,"name":"In\u00edcio","item":"https:\/\/extraplast.com.br\/"},{"@type":"ListItem","position":2,"name":"Representantes"}]},{"@type":"WebSite","@id":"https:\/\/extraplast.com.br\/#website","url":"https:\/\/extraplast.com.br\/","name":"Extraplast","description":"","publisher":{"@id":"https:\/\/extraplast.com.br\/#organization"},"potentialAction":[{"@type":"SearchAction","target":{"@type":"EntryPoint","urlTemplate":"https:\/\/extraplast.com.br\/?s={search_term_string}"},"query-input":{"@type":"PropertyValueSpecification","valueRequired":true,"valueName":"search_term_string"}}],"inLanguage":"en-US"},{"@type":"Organization","@id":"https:\/\/extraplast.com.br\/#organization","name":"Extraplast","url":"https:\/\/extraplast.com.br\/","logo":{"@type":"ImageObject","inLanguage":"en-US","@id":"https:\/\/extraplast.com.br\/#\/schema\/logo\/image\/","url":"https:\/\/extraplast.com.br\/wp-content\/uploads\/2025\/04\/Logo-Extraplast.png","contentUrl":"https:\/\/extraplast.com.br\/wp-content\/uploads\/2025\/04\/Logo-Extraplast.png","width":298,"height":75,"caption":"Extraplast"},"image":{"@id":"https:\/\/extraplast.com.br\/#\/schema\/logo\/image\/"}}]}},"_links":{"self":[{"href":"https:\/\/extraplast.com.br\/en\/wp-json\/wp\/v2\/pages\/793","targetHints":{"allow":["GET"]}}],"collection":[{"href":"https:\/\/extraplast.com.br\/en\/wp-json\/wp\/v2\/pages"}],"about":[{"href":"https:\/\/extraplast.com.br\/en\/wp-json\/wp\/v2\/types\/page"}],"author":[{"embeddable":true,"href":"https:\/\/extraplast.com.br\/en\/wp-json\/wp\/v2\/users\/2"}],"replies":[{"embeddable":true,"href":"https:\/\/extraplast.com.br\/en\/wp-json\/wp\/v2\/comments?post=793"}],"version-history":[{"count":87,"href":"https:\/\/extraplast.com.br\/en\/wp-json\/wp\/v2\/pages\/793\/revisions"}],"predecessor-version":[{"id":5431,"href":"https:\/\/extraplast.com.br\/en\/wp-json\/wp\/v2\/pages\/793\/revisions\/5431"}],"wp:attachment":[{"href":"https:\/\/extraplast.com.br\/en\/wp-json\/wp\/v2\/media?parent=793"}],"curies":[{"name":"wp","href":"https:\/\/api.w.org\/{rel}","templated":true}]}}